{"id":1119,"date":"2017-03-07T13:32:01","date_gmt":"2017-03-07T12:32:01","guid":{"rendered":"http:\/\/maisonbost.com\/boutique\/non class\u00e9\/eugenie-bost-femme-de-tete-de-coeur-et-de-foi\/"},"modified":"2017-03-07T13:32:01","modified_gmt":"2017-03-07T12:32:01","slug":"eugenie-bost-femme-de-tete-de-coeur-et-de-foi","status":"publish","type":"product","link":"https:\/\/maisonbost.com\/en\/boutique\/books\/eugenie-bost-femme-de-tete-de-coeur-et-de-foi\/","title":{"rendered":"Eug\u00e9nie Bost &#8211; Femme de t\u00eate, de c\u0153ur, et de Foi"},"content":{"rendered":"<p><span id=\"result_box\" class=\"\" lang=\"en\">The Journal of Eug\u00e9nie Bost tells the story of the life of the French Protestant world of the years 1860 &#8211; 1880 in France.<br \/>\n<span class=\"\">Book written in French<\/span><\/span><\/p>\n","protected":false},"excerpt":{"rendered":"<p><span id=\"result_box\" class=\"\" lang=\"en\">The Journal of Eug\u00e9nie Bost tells the story of the life of the French Protestant world of the years 1860 &#8211; 1880 in France.<br \/>\n<span class=\"\">Book written in French.<\/span><\/span><\/p>\n","protected":false},"featured_media":1085,"comment_status":"open","ping_status":"closed","template":"","meta":[],"product_cat":[27],"product_tag":[],"_links":{"self":[{"href":"https:\/\/maisonbost.com\/en\/wp-json\/wp\/v2\/product\/1119"}],"collection":[{"href":"https:\/\/maisonbost.com\/en\/wp-json\/wp\/v2\/product"}],"about":[{"href":"https:\/\/maisonbost.com\/en\/wp-json\/wp\/v2\/types\/product"}],"replies":[{"embeddable":true,"href":"https:\/\/maisonbost.com\/en\/wp-json\/wp\/v2\/comments?post=1119"}],"wp:featuredmedia":[{"embeddable":true,"href":"https:\/\/maisonbost.com\/en\/wp-json\/wp\/v2\/media\/1085"}],"wp:attachment":[{"href":"https:\/\/maisonbost.com\/en\/wp-json\/wp\/v2\/media?parent=1119"}],"wp:term":[{"taxonomy":"product_cat","embeddable":true,"href":"https:\/\/maisonbost.com\/en\/wp-json\/wp\/v2\/product_cat?post=1119"},{"taxonomy":"product_tag","embeddable":true,"href":"https:\/\/maisonbost.com\/en\/wp-json\/wp\/v2\/product_tag?post=1119"}],"curies":[{"name":"wp","href":"https:\/\/api.w.org\/{rel}","templated":true}]}}