{"id":220,"date":"2016-12-20T14:30:45","date_gmt":"2017-01-23T13:37:55","guid":{"rendered":"http:\/\/p4804.phpnet.org\/maisonbost\/?page_id=220\/"},"modified":"2017-07-12T15:09:32","modified_gmt":"2017-07-12T13:09:32","slug":"the-bost-saga","status":"publish","type":"page","link":"https:\/\/maisonbost.com\/en\/the-bost-saga\/","title":{"rendered":"Free exhibition"},"content":{"rendered":"<h2><span id=\"result_box\" class=\"\" lang=\"en\"><span class=\"\">15 downloadable exhibition panels &#8220;La Saga Bost&#8221; (in french)<br \/>\n<\/span><\/span><\/h2>\n<p><img loading=\"lazy\" class=\"size-medium wp-image-334 alignleft\" src=\"https:\/\/maisonbost.com\/wp-content\/uploads\/2016\/12\/saga-bost-235x300.jpg\" alt=\"\" width=\"235\" height=\"300\" srcset=\"https:\/\/maisonbost.com\/wp-content\/uploads\/2016\/12\/saga-bost-235x300.jpg 235w, https:\/\/maisonbost.com\/wp-content\/uploads\/2016\/12\/saga-bost-600x765.jpg 600w, https:\/\/maisonbost.com\/wp-content\/uploads\/2016\/12\/saga-bost.jpg 639w\" sizes=\"(max-width: 235px) 100vw, 235px\" \/><\/p>\n<h3><span id=\"result_box\" class=\"short_text\" lang=\"en\"><span class=\"\">Title of the panels<\/span><\/span><\/h3>\n<ul>\n<li>The Saga Bost<\/li>\n<li><span id=\"result_box\" class=\"\" lang=\"en\"><span class=\"\">A family history through some important personalities<\/span><\/span><\/li>\n<li><span id=\"result_box\" class=\"\" lang=\"en\"><span class=\"\">The history of Protestantism in the history of religions<\/span><\/span><\/li>\n<li><span id=\"result_box\" class=\"\" lang=\"en\"><span class=\"\">From Beaumont-l\u00e8s-Valence to Geneva: from &#8220;Refuge&#8221; to &#8220;R\u00e9veil&#8221;<\/span><\/span><\/li>\n<li>John et Eug\u00e9nie Bost<\/li>\n<li><span id=\"result_box\" class=\"short_text\" lang=\"en\"><span class=\"\">The Asylums &#8220;john bost&#8221;<\/span><\/span><\/li>\n<li><span id=\"result_box\" class=\"\" lang=\"en\"><span class=\"\">Augustin the abolitionist: from Victor Hugo to Algeria<\/span><\/span><\/li>\n<li><span id=\"result_box\" class=\"\" lang=\"en\"><span class=\"\">Th\u00e9odore Bost and Sophie Bonjour at the time of the conquest of the American West<\/span><\/span><\/li>\n<li><span id=\"result_box\" class=\"short_text\" lang=\"en\"><span class=\"\">The Bost diaspora<\/span><\/span><\/li>\n<li><span id=\"result_box\" class=\"\" lang=\"en\"><span class=\"\">Charles Bost, the camisards and the history of Protestantism<\/span><\/span><\/li>\n<li><span id=\"result_box\" class=\"\" lang=\"en\"><span class=\"\">Pierre Bost, from novels to scenarios (La Travers\u00e9e de Paris or L&#8217;Horloger de Saint-Paul)<\/span><\/span><\/li>\n<li><span id=\"result_box\" class=\"\" lang=\"en\"><span class=\"\">Jacques-Laurent Bost: The Modern Times, Le Nouvel Observateur, Sartre and Beauvoir<\/span><\/span><\/li>\n<li><span id=\"result_box\" class=\"short_text\" lang=\"en\"><span class=\"\">Renaud, a Protestant singer?<\/span><\/span><\/li>\n<li><span id=\"result_box\" class=\"\" lang=\"en\"><span class=\"\">Acting and Transforming: The John Bost Foundation Today<\/span><\/span><\/li>\n<li><span id=\"result_box\" class=\"\" lang=\"en\"><span class=\"\">Watching History, Defending Values: The MAISON JOHN ET EUGENIE BOST, a museum to understand the difference<\/span><\/span><\/li>\n<\/ul>\n<h3><span id=\"result_box\" class=\"short_text\" lang=\"en\"><span class=\"\">Download<\/span><\/span><\/h3>\n<ul>\n<li><a href=\"http:\/\/maisonbost.org\/wp-content\/uploads\/2016\/12\/sagabost_expo_a2_bd.pdf\" target=\"_blank\" rel=\"noopener noreferrer\">Saga Bost &#8211; format A2<\/a><\/li>\n<li><a href=\"http:\/\/maisonbost.org\/wp-content\/uploads\/2016\/12\/sagabost_expo_a3_bd.pdf\" target=\"_blank\" rel=\"noopener noreferrer\">Saga Bost &#8211; format A3<\/a><\/li>\n<\/ul>\n<hr \/>\n<h2><strong>The book<\/strong><span id=\"result_box\" class=\"\" lang=\"en\"><span class=\"\">(in french)<\/span><\/span><\/h2>\n<h5><strong><img loading=\"lazy\" class=\"alignleft wp-image-939\" src=\"http:\/\/maisonbost.com\/wp-content\/uploads\/2016\/12\/La_Saga_Bost-289x300.jpg\" alt=\"\" width=\"233\" height=\"242\" srcset=\"https:\/\/maisonbost.com\/wp-content\/uploads\/2016\/12\/La_Saga_Bost-289x300.jpg 289w, https:\/\/maisonbost.com\/wp-content\/uploads\/2016\/12\/La_Saga_Bost-600x624.jpg 600w, https:\/\/maisonbost.com\/wp-content\/uploads\/2016\/12\/La_Saga_Bost-768x799.jpg 768w, https:\/\/maisonbost.com\/wp-content\/uploads\/2016\/12\/La_Saga_Bost-985x1024.jpg 985w, https:\/\/maisonbost.com\/wp-content\/uploads\/2016\/12\/La_Saga_Bost.jpg 1405w\" sizes=\"(max-width: 233px) 100vw, 233px\" \/>Under the direction of Cabanel Patrick\u00a0\u2013 Gervereau Laurent<br \/>\nAuthors : Patrick Cabanel, Gabrielle Cadier-Rey, Nicolas Champ, Annie Cohen-Solal, Andr\u00e9 Encrev\u00e9, Corinne Fran\u00e7ois-Den\u00e8ve, Christian Galtier, Laurent Gervereau, Liliane Mottu-Weber, Fran\u00e7ois Ouellet, Olivier Pigeaud<\/strong><\/h5>\n<p>Why should we be interested in a family for such a long time (from the 17<sup>th<\/sup> century until today) ? Probably for their uniqueness. This family of proestant origins, endured consecutive persecutions during the R\u00e9vocation of \u00c9dit of Nantes by Louis XIV. Ancestor, Jean Laurent Bost (of Beaumont-l\u00e8s-Valence in the Dauphin\u00e9), took refuge in Geneva in 1720. These strong personalities each merit a book of their own.<\/p>\n<p>Without wishing to mention only one\u00a0: Friend Bost, awakening priest, John Bost constructed with his wife Eug\u00e9nie the Foundation which carries his name, Th\u00e9odore Bost pioneer in America, with Sophie Bonjour, Charles Bost protestant historian, Pierre Bost writer and author with Jacques Aurenche of famous French cinema scenes such as Travers\u00e9e du Paris (The crossing of Paris), Jacques-Laurent Bost an intellectual friend of Jean-Paul Sartre and Simone de Beauvoir, the singer Renaud\u2026<br \/>\nIt is across more than two centuries of history that you are invited to browse these rare images, french, european and of other continents. Here also a way of uncovering amazing lives of people, women and men, who had in common each of them a demanding idea, of existence and often a phrophetic vision.<\/p>\n<p>&nbsp;<\/p>\n<p>The work has been carried out with the help of the <u>Fondation John BOST<\/u> and of the home of John et Eug\u00e9nie Bost.<\/p>\n<p>&nbsp;<\/p>\n<p><strong>Buy the book<\/strong><\/p>\n<p>Buy on line &#8220;La Saga Bost&#8221; by clicking on the link below :<\/p>\n<p>&gt; Buy on line &#8220;La Saga Bost&#8221;<\/p>\n<p>&nbsp;<\/p>\n","protected":false},"excerpt":{"rendered":"<p>15 downloadable exhibition panels &#8220;La Saga Bost&#8221; (in french) Title of the panels The Saga Bost A family history through some important personalities The history of Protestantism in the history of religions From Beaumont-l\u00e8s-Valence to Geneva: from &#8220;Refuge&#8221; to &#8220;R\u00e9veil&#8221; John et Eug\u00e9nie Bost The Asylums &#8220;john bost&#8221; Augustin the abolitionist: from Victor Hugo to [&hellip;]<\/p>\n","protected":false},"author":1,"featured_media":1508,"parent":0,"menu_order":0,"comment_status":"closed","ping_status":"closed","template":"","meta":[],"_links":{"self":[{"href":"https:\/\/maisonbost.com\/en\/wp-json\/wp\/v2\/pages\/220"}],"collection":[{"href":"https:\/\/maisonbost.com\/en\/wp-json\/wp\/v2\/pages"}],"about":[{"href":"https:\/\/maisonbost.com\/en\/wp-json\/wp\/v2\/types\/page"}],"author":[{"embeddable":true,"href":"https:\/\/maisonbost.com\/en\/wp-json\/wp\/v2\/users\/1"}],"replies":[{"embeddable":true,"href":"https:\/\/maisonbost.com\/en\/wp-json\/wp\/v2\/comments?post=220"}],"version-history":[{"count":10,"href":"https:\/\/maisonbost.com\/en\/wp-json\/wp\/v2\/pages\/220\/revisions"}],"predecessor-version":[{"id":1240,"href":"https:\/\/maisonbost.com\/en\/wp-json\/wp\/v2\/pages\/220\/revisions\/1240"}],"wp:featuredmedia":[{"embeddable":true,"href":"https:\/\/maisonbost.com\/en\/wp-json\/wp\/v2\/media\/1508"}],"wp:attachment":[{"href":"https:\/\/maisonbost.com\/en\/wp-json\/wp\/v2\/media?parent=220"}],"curies":[{"name":"wp","href":"https:\/\/api.w.org\/{rel}","templated":true}]}}