{"id":1379,"date":"2017-03-07T13:24:32","date_gmt":"2017-03-07T12:24:32","guid":{"rendered":"http:\/\/maisonbost.com\/boutique\/non class\u00e9\/die-saga-bost\/"},"modified":"2017-03-07T13:24:32","modified_gmt":"2017-03-07T12:24:32","slug":"die-saga-bost","status":"publish","type":"product","link":"https:\/\/maisonbost.com\/de\/boutique\/livres-de\/die-saga-bost\/","title":{"rendered":"Die Saga Bost"},"content":{"rendered":"<p><strong>\u00dcber das Buch\u00a0:<\/strong><\/p>\n<p>Erschienen unter der Leitung von\u00a0:<strong> Patrick Cabanel \u2013 Laurent Gervereau <\/strong><\/p>\n<p>Autoren :<strong> Patrick Cabanel, Gabrielle Cadier-Rey, Nicolas Champ, Annie Cohen-Solal, Andr\u00e9 Encrev\u00e9, Corinne Fran\u00e7ois-Den\u00e8ve, Christian Galtier, Laurent Gervereau, Liliane Mottu-Weber, Fran\u00e7ois Ouellet, Olivier Pigeaud<\/strong><\/p>\n<p>Weshalb interessiert man sich \u00fcber einen so langen Zeitraum (vom 18. Jahrhundert bis heute) f\u00fcr eine bestimmte Familie\u00a0?<\/p>\n<p>Wahrscheinlich aufgrund ihrer Einzigartigkeit. Diese protestantische Familie litt wie viele unter den Verfolgungen, welche auf den Widerruf des Edikts von Nantes (welches den calvinistischen Protestanten religi\u00f6se Toleranz gew\u00e4hrte) unter Ludwig XIV. folgten. Der \u00ab\u00a0Stammvater\u00a0\u00bb, Jean Laurent Bost (de Beaumont-l\u00e8s-Valence in der Dauphin\u00e9), floh um 1720 nach Genf. Es wird auf den Spuren starker Pers\u00f6nlichkeiten gewandelt, die f\u00fcr sich genommen schon jede ein eigenes Buch verdient h\u00e4tten.<\/p>\n<p>Um nur einige zu nennen: Ami Bost &#8211; Pfarrer des R\u00e9veil; John Bost und seine Frau Eug\u00e9nie &#8211; Gr\u00fcnder der gleichnamigen Fondation; Th\u00e9odore Bost \u2013 zusammen mit Sophie Bonjour Pionier in Nordamerika; Charles Bost \u2013 Historiker mit Fokus auf den Protestantismus; Pierre Bost \u2013 Schriftsteller und gemeinsam mit Jacques Aurenche Drehbuchautor f\u00fcr ber\u00fchmte franz\u00f6sische Filme wie \u00ab\u00a0La Travers\u00e9e de Paris\u00a0\u00bb\u00a0; Jacques-Laurent Bost \u2013 intellektueller Freund von Jean-Paul Sartre und Simone de Beauvoir\u00a0; der S\u00e4nger Renaud\u2026<\/p>\n<p>Es ist eine Reise durch mehr als zwei Jahrhunderte, in welche sie \u00fcber Bilder \u2013 franz\u00f6sische, europ\u00e4ische und von anderen Kontinenten \u2013 tiefer eintauchen k\u00f6nnen. Des Weiteren ist es ein Mittel, um die erstaunlichen Leben von Menschen \u2013 M\u00e4nnern wie Frauen \u2013 zu entdecken, denen eine anspruchsvolle Konzeption der eigenen Existenz sowie h\u00e4ufig prophetische Visionen gemeinsam waren.<\/p>\n<p>Die Realisierung dieses Buches wurde von der Fondation John BOST und dem <em>Maison John et Eug\u00e9nie Bost<\/em> unterst\u00fctzt.<\/p>\n","protected":false},"excerpt":{"rendered":"<p><span id=\"result_box\" class=\"\" lang=\"de\">Die Geschichte der Familie Bost evangelischer Herkunft des Widerrufs, das Edikt von Nantes durch Ludwig XIV <span class=\"\">bis zur Gegenwart.<\/span><\/span><\/p>\n","protected":false},"featured_media":1287,"comment_status":"open","ping_status":"closed","template":"","meta":[],"product_cat":[40],"product_tag":[],"_links":{"self":[{"href":"https:\/\/maisonbost.com\/de\/wp-json\/wp\/v2\/product\/1379"}],"collection":[{"href":"https:\/\/maisonbost.com\/de\/wp-json\/wp\/v2\/product"}],"about":[{"href":"https:\/\/maisonbost.com\/de\/wp-json\/wp\/v2\/types\/product"}],"replies":[{"embeddable":true,"href":"https:\/\/maisonbost.com\/de\/wp-json\/wp\/v2\/comments?post=1379"}],"wp:featuredmedia":[{"embeddable":true,"href":"https:\/\/maisonbost.com\/de\/wp-json\/wp\/v2\/media\/1287"}],"wp:attachment":[{"href":"https:\/\/maisonbost.com\/de\/wp-json\/wp\/v2\/media?parent=1379"}],"wp:term":[{"taxonomy":"product_cat","embeddable":true,"href":"https:\/\/maisonbost.com\/de\/wp-json\/wp\/v2\/product_cat?post=1379"},{"taxonomy":"product_tag","embeddable":true,"href":"https:\/\/maisonbost.com\/de\/wp-json\/wp\/v2\/product_tag?post=1379"}],"curies":[{"name":"wp","href":"https:\/\/api.w.org\/{rel}","templated":true}]}}