{"id":1377,"date":"2017-03-07T13:32:01","date_gmt":"2017-03-07T12:32:01","guid":{"rendered":"http:\/\/maisonbost.com\/boutique\/non class\u00e9\/eugenie-bost-femme-de-tete-de-coeur-de-foi\/"},"modified":"2017-03-07T13:32:01","modified_gmt":"2017-03-07T12:32:01","slug":"eugenie-bost-femme-de-tete-de-coeur-de-foi","status":"publish","type":"product","link":"https:\/\/maisonbost.com\/de\/boutique\/livres-de\/eugenie-bost-femme-de-tete-de-coeur-de-foi\/","title":{"rendered":"Eug\u00e9nie Bost &#8211; Femme de t\u00eate, de c\u0153ur, et de Foi"},"content":{"rendered":"","protected":false},"excerpt":{"rendered":"","protected":false},"featured_media":1378,"comment_status":"open","ping_status":"closed","template":"","meta":[],"product_cat":[40],"product_tag":[],"_links":{"self":[{"href":"https:\/\/maisonbost.com\/de\/wp-json\/wp\/v2\/product\/1377"}],"collection":[{"href":"https:\/\/maisonbost.com\/de\/wp-json\/wp\/v2\/product"}],"about":[{"href":"https:\/\/maisonbost.com\/de\/wp-json\/wp\/v2\/types\/product"}],"replies":[{"embeddable":true,"href":"https:\/\/maisonbost.com\/de\/wp-json\/wp\/v2\/comments?post=1377"}],"wp:featuredmedia":[{"embeddable":true,"href":"https:\/\/maisonbost.com\/de\/wp-json\/wp\/v2\/media\/1378"}],"wp:attachment":[{"href":"https:\/\/maisonbost.com\/de\/wp-json\/wp\/v2\/media?parent=1377"}],"wp:term":[{"taxonomy":"product_cat","embeddable":true,"href":"https:\/\/maisonbost.com\/de\/wp-json\/wp\/v2\/product_cat?post=1377"},{"taxonomy":"product_tag","embeddable":true,"href":"https:\/\/maisonbost.com\/de\/wp-json\/wp\/v2\/product_tag?post=1377"}],"curies":[{"name":"wp","href":"https:\/\/api.w.org\/{rel}","templated":true}]}}