{"id":1368,"date":"2017-05-02T09:03:48","date_gmt":"2017-05-02T07:03:48","guid":{"rendered":"http:\/\/maisonbost.com\/boutique\/non class\u00e9\/comme-elle-est-belle\/"},"modified":"2017-05-02T09:03:48","modified_gmt":"2017-05-02T07:03:48","slug":"comme-elle-est-belle","status":"publish","type":"product","link":"https:\/\/maisonbost.com\/de\/boutique\/livres-de\/comme-elle-est-belle\/","title":{"rendered":"Comme elle est belle&#8230;"},"content":{"rendered":"<p>Das Buch \u201eComme elle est belle&#8230;\u201c, sagt 30 W\u00f6rter oder Haltungen der Bewohner an der John BOST Foundation erf\u00fcllt.<\/p>\n<p>Testimonials Bilder und Texte zu meditieren .<\/p>\n","protected":false},"excerpt":{"rendered":"<p>Das \u201eComme elle est belle&#8230;\u201c Buch erz\u00e4hlt Bewohner 30 W\u00f6rtern oder Einstellungen an der Fondation John BOST begr\u00fc\u00dft.<\/p>\n","protected":false},"featured_media":1367,"comment_status":"open","ping_status":"closed","template":"","meta":[],"product_cat":[40],"product_tag":[41],"_links":{"self":[{"href":"https:\/\/maisonbost.com\/de\/wp-json\/wp\/v2\/product\/1368"}],"collection":[{"href":"https:\/\/maisonbost.com\/de\/wp-json\/wp\/v2\/product"}],"about":[{"href":"https:\/\/maisonbost.com\/de\/wp-json\/wp\/v2\/types\/product"}],"replies":[{"embeddable":true,"href":"https:\/\/maisonbost.com\/de\/wp-json\/wp\/v2\/comments?post=1368"}],"wp:featuredmedia":[{"embeddable":true,"href":"https:\/\/maisonbost.com\/de\/wp-json\/wp\/v2\/media\/1367"}],"wp:attachment":[{"href":"https:\/\/maisonbost.com\/de\/wp-json\/wp\/v2\/media?parent=1368"}],"wp:term":[{"taxonomy":"product_cat","embeddable":true,"href":"https:\/\/maisonbost.com\/de\/wp-json\/wp\/v2\/product_cat?post=1368"},{"taxonomy":"product_tag","embeddable":true,"href":"https:\/\/maisonbost.com\/de\/wp-json\/wp\/v2\/product_tag?post=1368"}],"curies":[{"name":"wp","href":"https:\/\/api.w.org\/{rel}","templated":true}]}}