{"id":1315,"date":"2017-07-13T09:53:21","date_gmt":"2017-07-13T07:53:21","guid":{"rendered":"http:\/\/maisonbost.com\/besucher-mit-behinderung\/visuelle-behinderungen\/"},"modified":"2017-07-13T09:53:21","modified_gmt":"2017-07-13T07:53:21","slug":"visuelle-behinderungen","status":"publish","type":"page","link":"https:\/\/maisonbost.com\/de\/besucher-mit-behinderung\/visuelle-behinderungen\/","title":{"rendered":"Visuelle Behinderungen"},"content":{"rendered":"<p>Das Maison John et Eug\u00e9nie Bost ist ein Museum mit freiem Eintritt und jedem Publikum zug\u00e4nglich.<\/p>\n<p>Es ist auf einen selbstst\u00e4ndigen Besuch hin ausgerichtet ; auf Wunsch k\u00f6nnen F\u00fchrungen f\u00fcr Gruppen reserviert werden.<\/p>\n<p>Ein Mitarbeiter steht stets zur Verf\u00fcgung, um Ihnen bei der Orientierung behilflich zu sein und Sie \u2013 wenn Sie es w\u00fcnschen \u2013 bei Ihrem Besuch zu begleiten.<\/p>\n<p><strong>Anfahrt<\/strong><\/p>\n<p>Ihre Anfahrt zur Fondation John Bost und somit zum <em>Maison John et Eug\u00e9nie Bost <\/em>wird durch gut erkenntliche Schilder vereinfacht (gr\u00fcn mit weisser Schrift). Parkpl\u00e4tze f\u00fcr einen angepassten Transport befinden sich vor dem Museum.<\/p>\n<p><strong>Am Eingang<\/strong><\/p>\n<p>Der diensthabende Mitarbeiter des Museums besitzt verschiedene Utensilien (Lupe, Fernglas, Taschenlampe), um Ihnen den Museumsbesuch zu erleichtern.<\/p>\n<p><strong>Besuch des Museums<\/strong><\/p>\n<p>Ein Besuch des Museums folgt einem linearen Weg ohne 180\u00b0 Wendungen oder verschiedenen Wegoptionen.<\/p>\n<p>Sie haben die M\u00f6glichkeit, sich die interaktiven Displays n\u00e4her heranzuholen (zwischen 5cm und 25cm). In den Ausstellungsr\u00e4umen findet eine farbliche Unterscheidung zwischen dem jeweiligen Inhalt und seiner Umgebung statt.<\/p>\n<p>Ausstellungsst\u00fccke auf Regalh\u00f6he (Vitrinen, B\u00fccher\u2026) sind gut von Gehst\u00f6cken zu ertasten und stellen auf dem Weg durch das Museum kein Hindernis dar.<\/p>\n<p>Scharfkantige Ecken an den M\u00f6beln und anderen St\u00fccken der Ausstellung sind farblich gekennzeichnet.<\/p>\n<p>Die interaktiven Bildschirme in den Ausstellungsr\u00e4umen befinden sich in festen Begrenzungen und erlauben eine Vergr\u00f6sserung der Schrift sowie \u00c4nderungen der Lichtverh\u00e4ltnisse.<\/p>\n<p>Der Besuch kann auf Wunsch \u00fcber einen Audioguide begleitet werden (leider nur auf Franz\u00f6sisch).<\/p>\n<p>&nbsp;<\/p>\n<p><a href=\"http:\/\/maisonbost.com\/de\/reservierung-offnung\/\"><strong>Reservieren Sie hier Ihren Besuch<\/strong><\/a><\/p>\n","protected":false},"excerpt":{"rendered":"<p>Das Maison John et Eug\u00e9nie Bost ist ein Museum mit freiem Eintritt und jedem Publikum zug\u00e4nglich. Es ist auf einen selbstst\u00e4ndigen Besuch hin ausgerichtet ; auf Wunsch k\u00f6nnen F\u00fchrungen f\u00fcr Gruppen reserviert werden. Ein Mitarbeiter steht stets zur Verf\u00fcgung, um Ihnen bei der Orientierung behilflich zu sein und Sie \u2013 wenn Sie es w\u00fcnschen \u2013 [&hellip;]<\/p>\n","protected":false},"author":1,"featured_media":1322,"parent":1195,"menu_order":0,"comment_status":"closed","ping_status":"closed","template":"","meta":[],"_links":{"self":[{"href":"https:\/\/maisonbost.com\/de\/wp-json\/wp\/v2\/pages\/1315"}],"collection":[{"href":"https:\/\/maisonbost.com\/de\/wp-json\/wp\/v2\/pages"}],"about":[{"href":"https:\/\/maisonbost.com\/de\/wp-json\/wp\/v2\/types\/page"}],"author":[{"embeddable":true,"href":"https:\/\/maisonbost.com\/de\/wp-json\/wp\/v2\/users\/1"}],"replies":[{"embeddable":true,"href":"https:\/\/maisonbost.com\/de\/wp-json\/wp\/v2\/comments?post=1315"}],"version-history":[{"count":0,"href":"https:\/\/maisonbost.com\/de\/wp-json\/wp\/v2\/pages\/1315\/revisions"}],"up":[{"embeddable":true,"href":"https:\/\/maisonbost.com\/de\/wp-json\/wp\/v2\/pages\/1195"}],"wp:featuredmedia":[{"embeddable":true,"href":"https:\/\/maisonbost.com\/de\/wp-json\/wp\/v2\/media\/1322"}],"wp:attachment":[{"href":"https:\/\/maisonbost.com\/de\/wp-json\/wp\/v2\/media?parent=1315"}],"curies":[{"name":"wp","href":"https:\/\/api.w.org\/{rel}","templated":true}]}}