{"id":1304,"date":"2017-07-13T09:47:45","date_gmt":"2017-07-13T07:47:45","guid":{"rendered":"http:\/\/maisonbost.com\/besucher-mit-behinderung\/korperliche-behinderungen\/"},"modified":"2017-07-13T09:47:45","modified_gmt":"2017-07-13T07:47:45","slug":"korperliche-behinderungen","status":"publish","type":"page","link":"https:\/\/maisonbost.com\/de\/besucher-mit-behinderung\/korperliche-behinderungen\/","title":{"rendered":"K\u00f6rperliche Behinderungen"},"content":{"rendered":"<p>Das <em>Maison John et Eug\u00e9nie Bost<\/em> ist ein Museum mit freiem Eintritt und jedem Publikum zug\u00e4nglich.<\/p>\n<p>Es ist auf einen selbstst\u00e4ndigen Besuch hin ausgerichtet\u00a0; auf Wunsch k\u00f6nnen F\u00fchrungen f\u00fcr Gruppen reserviert werden.<\/p>\n<p>Ein Mitarbeiter steht stets zur Verf\u00fcgung, um Ihnen bei der Orientierung behilflich zu sein und Sie \u2013 wenn Sie es w\u00fcnschen \u2013 bei Ihrem Besuch zu begleiten.<\/p>\n<p><strong>Anfahrt<\/strong><\/p>\n<p>Ihre Anfahrt zur Fondation John Bost und somit zum <em>Maison John et Eug\u00e9nie Bost<\/em> wird durch gut erkenntliche Schilder vereinfacht (gr\u00fcn mit weisser Schrift). Parkpl\u00e4tze f\u00fcr einen angepassten Transport befinden sich vor dem Museum.<\/p>\n<p><strong>Am Eingang<\/strong><\/p>\n<p>Der diensthabende Mitarbeiter des Museums besitzt eine Tafel und Kreide, um ggf. die Verst\u00e4ndigung mit den Besuchern zu erleichtern. Er weiss im Falle eines Anfalls \/ einer Krise zu helfen.<\/p>\n<p><strong>Besuch des Museums<\/strong><\/p>\n<p>Der Grossteil der Ausstellungsst\u00fccke befindet sich auf einer H\u00f6he zwischen 0,90m und 1,40m.<\/p>\n<p>Die Wege haben eine minimale Breite von 0,90m bis 1,40m.<\/p>\n<p>Ausstellungsst\u00fccke auf Regalh\u00f6he (Vitrinen, B\u00fccher\u2026) sind gut von Gehst\u00f6cken zu ertasten und stellen auf dem Weg durch das Museum kein Hindernis dar.<\/p>\n<p>S\u00e4mtliche Ausstellungsst\u00fccke sind komplett zug\u00e4nglich und befinden sich auf einer angenehmen H\u00f6he mit der M\u00f6glichkeit, sie komplett zu umrunden.<\/p>\n<p>Sie k\u00f6nnen in allen R\u00e4umen des Museums nach Lust und Laune zirkulieren.<\/p>\n<p>Der Zugang zu dem interaktiven Tisch mit seinen drei Bildschirmen und den kleineren Bildschirmen in den Ausstellungsr\u00e4umen ist ebenfalls uneingeschr\u00e4nkt m\u00f6glich. Letztere sind geneigt und befinden sich in gekennzeichneten Fl\u00e4chen auf einer angenehmen H\u00f6he mit gen\u00fcgend Freiraum unter ihnen, der Rollstuhlfahrern ihre Benutzung erlaubt.<\/p>\n<p>&nbsp;<\/p>\n<p><a href=\"http:\/\/maisonbost.com\/de\/reservierung-offnung\/\"><span style=\"color: #008000;\"><strong>Reservieren Sie hier Ihren Besuch<\/strong><\/span><\/a><\/p>\n","protected":false},"excerpt":{"rendered":"<p>Das Maison John et Eug\u00e9nie Bost ist ein Museum mit freiem Eintritt und jedem Publikum zug\u00e4nglich. Es ist auf einen selbstst\u00e4ndigen Besuch hin ausgerichtet\u00a0; auf Wunsch k\u00f6nnen F\u00fchrungen f\u00fcr Gruppen reserviert werden. Ein Mitarbeiter steht stets zur Verf\u00fcgung, um Ihnen bei der Orientierung behilflich zu sein und Sie \u2013 wenn Sie es w\u00fcnschen \u2013 bei [&hellip;]<\/p>\n","protected":false},"author":1,"featured_media":1313,"parent":1195,"menu_order":0,"comment_status":"closed","ping_status":"closed","template":"","meta":[],"_links":{"self":[{"href":"https:\/\/maisonbost.com\/de\/wp-json\/wp\/v2\/pages\/1304"}],"collection":[{"href":"https:\/\/maisonbost.com\/de\/wp-json\/wp\/v2\/pages"}],"about":[{"href":"https:\/\/maisonbost.com\/de\/wp-json\/wp\/v2\/types\/page"}],"author":[{"embeddable":true,"href":"https:\/\/maisonbost.com\/de\/wp-json\/wp\/v2\/users\/1"}],"replies":[{"embeddable":true,"href":"https:\/\/maisonbost.com\/de\/wp-json\/wp\/v2\/comments?post=1304"}],"version-history":[{"count":0,"href":"https:\/\/maisonbost.com\/de\/wp-json\/wp\/v2\/pages\/1304\/revisions"}],"up":[{"embeddable":true,"href":"https:\/\/maisonbost.com\/de\/wp-json\/wp\/v2\/pages\/1195"}],"wp:featuredmedia":[{"embeddable":true,"href":"https:\/\/maisonbost.com\/de\/wp-json\/wp\/v2\/media\/1313"}],"wp:attachment":[{"href":"https:\/\/maisonbost.com\/de\/wp-json\/wp\/v2\/media?parent=1304"}],"curies":[{"name":"wp","href":"https:\/\/api.w.org\/{rel}","templated":true}]}}