{"id":1298,"date":"2017-07-13T09:42:36","date_gmt":"2017-07-13T07:42:36","guid":{"rendered":"http:\/\/maisonbost.com\/besucher-mit-behinderung\/psychische-behinderungen\/"},"modified":"2017-07-13T09:42:36","modified_gmt":"2017-07-13T07:42:36","slug":"psychische-behinderungen","status":"publish","type":"page","link":"https:\/\/maisonbost.com\/de\/besucher-mit-behinderung\/psychische-behinderungen\/","title":{"rendered":"Psychische Behinderungen"},"content":{"rendered":"<p>Das <em>Maison John et Eug\u00e9nie Bost<\/em> ist ein Museum mit freiem Eintritt und jedem Publikum zug\u00e4nglich.<\/p>\n<p>Es ist auf einen selbstst\u00e4ndigen Besuch hin ausgerichtet ; auf Wunsch k\u00f6nnen F\u00fchrungen f\u00fcr Gruppen reserviert werden.<\/p>\n<p>Ein Mitarbeiter steht stets zur Verf\u00fcgung, um Ihnen bei der Orientierung behilflich zu sein und Sie \u2013 wenn Sie es w\u00fcnschen \u2013 bei Ihrem Besuch zu begleiten.<\/p>\n<p><strong>Anfahrt<\/strong><\/p>\n<p>Ihre Anfahrt zur Fondation John Bost und somit zum <em>Maison John et Eug\u00e9nie Bost <\/em>wird durch gut erkenntliche Schilder vereinfacht (gr\u00fcn mit weisser Schrift). Parkpl\u00e4tze f\u00fcr einen angepassten Transport befinden sich vor dem Museum.<\/p>\n<p><strong>Am Eingang<\/strong><\/p>\n<p>Der diensthabende Mitarbeiter steht Ihnen w\u00e4hrend Ihres gesamten Besuches zur Verf\u00fcgung und weiss im Falle einer Krise zu helfen.<\/p>\n<p><strong>Besuch des Museums<\/strong><\/p>\n<p>Ein Besuch des Museums folgt einem linearen Weg ohne 180\u00b0 Wendungen oder verschiedenen Wegoptionen.<\/p>\n<p><strong>Die Szenerie der Ausstellung folgt einem verspielten Ansatz mit einer einheitlichen Beschilderung, die Texte, (interaktive) Displays, Piktogramme und Logos miteinander verbindet.<\/strong><\/p>\n<p>Sitzm\u00f6glichkeiten finden sich \u00fcber das Museum verteilt.<\/p>\n","protected":false},"excerpt":{"rendered":"<p>Das Maison John et Eug\u00e9nie Bost ist ein Museum mit freiem Eintritt und jedem Publikum zug\u00e4nglich. Es ist auf einen selbstst\u00e4ndigen Besuch hin ausgerichtet ; auf Wunsch k\u00f6nnen F\u00fchrungen f\u00fcr Gruppen reserviert werden. Ein Mitarbeiter steht stets zur Verf\u00fcgung, um Ihnen bei der Orientierung behilflich zu sein und Sie \u2013 wenn Sie es w\u00fcnschen \u2013 [&hellip;]<\/p>\n","protected":false},"author":1,"featured_media":1300,"parent":1195,"menu_order":0,"comment_status":"closed","ping_status":"closed","template":"","meta":[],"_links":{"self":[{"href":"https:\/\/maisonbost.com\/de\/wp-json\/wp\/v2\/pages\/1298"}],"collection":[{"href":"https:\/\/maisonbost.com\/de\/wp-json\/wp\/v2\/pages"}],"about":[{"href":"https:\/\/maisonbost.com\/de\/wp-json\/wp\/v2\/types\/page"}],"author":[{"embeddable":true,"href":"https:\/\/maisonbost.com\/de\/wp-json\/wp\/v2\/users\/1"}],"replies":[{"embeddable":true,"href":"https:\/\/maisonbost.com\/de\/wp-json\/wp\/v2\/comments?post=1298"}],"version-history":[{"count":0,"href":"https:\/\/maisonbost.com\/de\/wp-json\/wp\/v2\/pages\/1298\/revisions"}],"up":[{"embeddable":true,"href":"https:\/\/maisonbost.com\/de\/wp-json\/wp\/v2\/pages\/1195"}],"wp:featuredmedia":[{"embeddable":true,"href":"https:\/\/maisonbost.com\/de\/wp-json\/wp\/v2\/media\/1300"}],"wp:attachment":[{"href":"https:\/\/maisonbost.com\/de\/wp-json\/wp\/v2\/media?parent=1298"}],"curies":[{"name":"wp","href":"https:\/\/api.w.org\/{rel}","templated":true}]}}