{"id":1294,"date":"2017-07-13T09:39:07","date_gmt":"2017-07-13T07:39:07","guid":{"rendered":"http:\/\/maisonbost.com\/besucher-mit-behinderung\/auditive-behinderungen\/"},"modified":"2017-07-13T09:53:59","modified_gmt":"2017-07-13T07:53:59","slug":"auditive-behinderungen","status":"publish","type":"page","link":"https:\/\/maisonbost.com\/de\/besucher-mit-behinderung\/auditive-behinderungen\/","title":{"rendered":"Auditive Behinderungen"},"content":{"rendered":"<p>Das <em>Maison John et Eug\u00e9nie Bost<\/em> ist ein Museum mit <strong>freiem Eintritt<\/strong> und jedem Publikum zug\u00e4nglich.<\/p>\n<p>Es ist auf einen selbstst\u00e4ndigen Besuch hin ausgerichtet\u00a0; auf Wunsch k\u00f6nnen F\u00fchrungen f\u00fcr Gruppen reserviert werden.<\/p>\n<p>Ein Mitarbeiter steht stets zur Verf\u00fcgung, um Ihnen bei der Orientierung behilflich zu sein und Sie \u2013 wenn Sie es w\u00fcnschen \u2013 bei Ihrem Besuch zu begleiten.<\/p>\n<p>&nbsp;<\/p>\n<p><strong>Anfahrt<\/strong><\/p>\n<p>Ihre Anfahrt zur Fondation John Bost und somit zum <em>Maison John et Eug\u00e9nie Bost<\/em> wird durch gut erkenntliche Schilder vereinfacht (gr\u00fcn mit weisser Schrift). Parkpl\u00e4tze f\u00fcr einen angepassten Transport befinden sich vor dem Museum.<\/p>\n<p>&nbsp;<\/p>\n<p><strong>Am Eingang<\/strong><\/p>\n<p>Der diensthabende Mitarbeiter des Museums besitzt eine Tafel und Kreide, um ggf. die Verst\u00e4ndigung mit den Besuchern zu erleichtern.<\/p>\n<p>&nbsp;<\/p>\n<p><strong>Besuch des Museums<\/strong><\/p>\n<p>Jeder Audio-Beitrag (Filme, Ger\u00e4usche, Durchsagen \u2026) wird entweder durch Untertitel oder durch ein leicht verst\u00e4ndliches schriftliches Dokument (in grosser Schrift und nummeriert) unterst\u00fctzt.<\/p>\n<p>Interaktive Bildschirme finden sich in allen R\u00e4umen des Museums, um die Geschichte einiger Pavillons zu erz\u00e4hlen.<\/p>\n<p>Der Besuch kann auf Wunsch \u00fcber einen Audioguide (auf Franz\u00f6sisch) begleitet und dessen Lautst\u00e4rke individuell eingestellt werden.<\/p>\n<p>&nbsp;<\/p>\n<p><span style=\"color: #008000;\"><strong><a style=\"color: #008000;\" href=\"http:\/\/maisonbost.com\/de\/reservierung-offnung\/\">Reservieren Sie hier Ihren Besuch<\/a><\/strong><\/span><\/p>\n","protected":false},"excerpt":{"rendered":"<p>Das Maison John et Eug\u00e9nie Bost ist ein Museum mit freiem Eintritt und jedem Publikum zug\u00e4nglich. Es ist auf einen selbstst\u00e4ndigen Besuch hin ausgerichtet\u00a0; auf Wunsch k\u00f6nnen F\u00fchrungen f\u00fcr Gruppen reserviert werden. Ein Mitarbeiter steht stets zur Verf\u00fcgung, um Ihnen bei der Orientierung behilflich zu sein und Sie \u2013 wenn Sie es w\u00fcnschen \u2013 bei [&hellip;]<\/p>\n","protected":false},"author":1,"featured_media":1297,"parent":1195,"menu_order":0,"comment_status":"closed","ping_status":"closed","template":"","meta":[],"_links":{"self":[{"href":"https:\/\/maisonbost.com\/de\/wp-json\/wp\/v2\/pages\/1294"}],"collection":[{"href":"https:\/\/maisonbost.com\/de\/wp-json\/wp\/v2\/pages"}],"about":[{"href":"https:\/\/maisonbost.com\/de\/wp-json\/wp\/v2\/types\/page"}],"author":[{"embeddable":true,"href":"https:\/\/maisonbost.com\/de\/wp-json\/wp\/v2\/users\/1"}],"replies":[{"embeddable":true,"href":"https:\/\/maisonbost.com\/de\/wp-json\/wp\/v2\/comments?post=1294"}],"version-history":[{"count":1,"href":"https:\/\/maisonbost.com\/de\/wp-json\/wp\/v2\/pages\/1294\/revisions"}],"predecessor-version":[{"id":1323,"href":"https:\/\/maisonbost.com\/de\/wp-json\/wp\/v2\/pages\/1294\/revisions\/1323"}],"up":[{"embeddable":true,"href":"https:\/\/maisonbost.com\/de\/wp-json\/wp\/v2\/pages\/1195"}],"wp:featuredmedia":[{"embeddable":true,"href":"https:\/\/maisonbost.com\/de\/wp-json\/wp\/v2\/media\/1297"}],"wp:attachment":[{"href":"https:\/\/maisonbost.com\/de\/wp-json\/wp\/v2\/media?parent=1294"}],"curies":[{"name":"wp","href":"https:\/\/api.w.org\/{rel}","templated":true}]}}