{"id":1291,"date":"2017-07-12T17:53:48","date_gmt":"2017-07-12T15:53:48","guid":{"rendered":"http:\/\/maisonbost.com\/sammlungen\/"},"modified":"2017-07-13T10:00:55","modified_gmt":"2017-07-13T08:00:55","slug":"sammlungen","status":"publish","type":"page","link":"https:\/\/maisonbost.com\/de\/sammlungen\/","title":{"rendered":"Sammlungen"},"content":{"rendered":"<p><span id=\"result_box\" class=\"\" lang=\"de\"><span class=\"\">Die<\/span> <em>Maison Eugenie et John Bost<\/em> besteht in den Sammlungen bereits in <span class=\"\">den erhaltenen<\/span> Fondation John BOST.<br \/>\n<span class=\"\">Sie wurden<\/span> bei der Er\u00f6ffnung von den Familien Sammlungen gespeichert von Gaston <span class=\"\">Bost<\/span>, Enkel von John Bost erg\u00e4nzt, der Vorsitzende des Vorstandes der <span class=\"\">Fondation John BOST, dann<\/span> <span class=\"\">von seiner Tochter<\/span> Annie Bost-<span class=\"\">Gervereau<\/span> <span class=\"\">war<\/span><span class=\"\">.<\/span> <span class=\"\">Laurent<\/span> <span class=\"\">Gervereau<\/span> <span class=\"\">gab sie die<\/span> &#8222;<span class=\"\">Fondation <\/span> John BOST&#8220; Institution, die <span class=\"\">die <\/span><em>Maison <span class=\"\">Eugenie<\/span> etJohn Bost<\/em>.<span class=\"\">&#8222;<\/span> <span class=\"\">Ein Aufruf von<\/span> Spendern und Spendern <span class=\"\">Bewusstsein f\u00fcr die Bedeutung<\/span> <span class=\"\">ihrer Beitr\u00e4ge<\/span><\/span>.<\/p>\n<h3><span id=\"result_box\" class=\"short_text\" lang=\"de\">Multidisziplin\u00e4ren und multimediale <span class=\"\">Sammlungen<\/span><\/span><\/h3>\n<p><span id=\"result_box\" class=\"\" lang=\"de\"><span class=\"\">Diese Sammlungen<\/span> sind multidisziplin\u00e4r und deckt nat\u00fcrlich Bost Geschichte und <span class=\"\">die Geschichte der<\/span> Fondation John BOST, sowie die lokale Geschichte und die Geschichte <span class=\"\">des Protestantismus<\/span><span class=\"\">.<\/span> <span class=\"\">Es ist auch eine<\/span> Kunstsammlung mit Werken von Bewohnern verschiedener Epochen. Es ist eine Sammlung von Behinderung ihren Platz und Krankengeschichte . Es gibt auch viele Gem\u00e4lde, Skulpturen, Zeichnungen, Kunsthandwerk , Archive und Publikationen, Manuskripte, Fotos, Filme, <span class=\"\">Objekte und M\u00f6bel<\/span><span class=\"\">, Plakate, Postkarten<\/span><span class=\"\">, Modelle<\/span><\/span>.<\/p>\n<h3><span id=\"result_box\" class=\"\" lang=\"de\">Sammlungen von bereit <span class=\"\">Museum<\/span><\/span><\/h3>\n<p><span id=\"result_box\" class=\"\" lang=\"de\">Die St\u00fccke in der Sammlung kann auf die Elemente ihrer Nutzung kostenlos zur Verf\u00fcgung gestellt werden reproduziert und die Worte fassen m\u00fcssen: al. Maison John Bost und Eugenie &#8211; John BOST-Stiftung. Diese Sammlungen k\u00f6nnen f\u00fcr Ausstellungen ausgeliehen werden auch die Erw\u00e4hnung des Ursprungs, um anzuzeigen, zur Verf\u00fcgung gestellt. Sie werden dann durch die Kreditnehmer Organisation zur Verf\u00fcgung gestellt, die den Transport und in einigen F\u00e4llen unterst\u00fctzt, die Mission der konservativ zu \u00fcberpr\u00fcfen, ob ihre Pr\u00e4sentation mit Erhaltung Standards in Einklang steht (Licht, Feuchtigkeit &#8230;). Ein <span class=\"\">Kreditvertrag <\/span> <span class=\"\">wurde in allen F\u00e4llen<\/span> <span class=\"\">unterzeichnet.<\/span><\/span><\/p>\n<h3><span id=\"result_box\" class=\"short_text\" lang=\"de\">Ein Online-<span class=\"\">Inventar<\/span><\/span><\/h3>\n<p><span id=\"result_box\" class=\"\" lang=\"de\">La Maison John et Eugenie Bost folgt den <span class=\"\">Standards<\/span> des Museums Dienst von Frankreich f\u00fcr das Inventar. Wir werden nach und nach <span class=\"\">Elemente dieser<\/span> Online-Inventar der Arbeit der Forscher <span class=\"\">zu erleichtern.<\/span><\/span><\/p>\n<hr \/>\n<h2><span id=\"result_box\" class=\"short_text\" lang=\"de\"><span class=\"\">helfen Sie uns<\/span><\/span><\/h2>\n<p><span id=\"result_box\" class=\"\" lang=\"de\"><span class=\"\">La<\/span> Maison John et Eug\u00e9nie Bost <span class=\"\">erhielt<\/span> f\u00fcr seine Karriere und Ausstellungen in der Fondation <span class=\"\">John BOST<\/span> und <span class=\"\">au\u00dferhalb<\/span> Spenden gesammelt Sammlungen. Auch Sie <span class=\"\">k\u00f6nnen diese<\/span> Sammlungen <span class=\"\">durch Spenden<\/span> bereichern. Sie k\u00f6nnen von jeder Art sein: <span class=\"\">Gem\u00e4lde, Drucke<\/span><span class=\"\">, Zeichnungen, Skulpturen<\/span>, Fotografien, Objekte und M\u00f6bel, Filme, <span class=\"\">Postkarten, Plakate<\/span>, <span class=\"\">Manuskripte, B\u00fccher<\/span>, Zeugnisse &#8230; Die Themen, die <span class=\"\">Priorit\u00e4ten f\u00fcr<\/span> uns sind<\/span>:<\/p>\n<ul>\n<li><span id=\"result_box\" class=\"\" lang=\"de\">Die Geschichte von Fondation John BOST<\/span><\/li>\n<li><span id=\"result_box\" class=\"\" lang=\"de\">Kreationen und Dokumente <span class=\"\">zum Thema Behinderung<\/span><\/span><\/li>\n<li><span id=\"result_box\" class=\"\" lang=\"de\">Die Geschichte der Familie Bost<\/span><\/li>\n<li><span id=\"result_box\" class=\"\" lang=\"de\">Die Geschichte des <span class=\"\">Protestantismus<\/span> Franz\u00f6sisch<\/span><\/li>\n<li><span id=\"result_box\" class=\"\" lang=\"de\"><span class=\"\">Heimatkunde<\/span><\/span><\/li>\n<\/ul>\n<p>&nbsp;<\/p>\n<h3>Kontact<\/h3>\n<div class=\"frm_forms  with_frm_style frm_style_formidable-style\" id=\"frm_form_6_container\" data-token=\"992368a6e12056e045b62f38d2f4e7d8\">\n<form enctype=\"multipart\/form-data\" method=\"post\" class=\"frm-show-form  frm_pro_form \" id=\"form_8axam2\"  data-token=\"992368a6e12056e045b62f38d2f4e7d8\">\n<div class=\"frm_form_fields \">\n<fieldset>\n<legend class=\"frm_hidden\">Contact<\/legend>\r\n\r\n<div class=\"frm_fields_container\">\n<input type=\"hidden\" name=\"frm_action\" value=\"create\" \/>\n<input type=\"hidden\" name=\"form_id\" value=\"6\" \/>\n<input type=\"hidden\" name=\"frm_hide_fields_6\" id=\"frm_hide_fields_6\" value=\"\" \/>\n<input type=\"hidden\" name=\"form_key\" value=\"8axam2\" \/>\n<input type=\"hidden\" name=\"item_meta[0]\" value=\"\" \/>\n<input type=\"hidden\" id=\"frm_submit_entry_6\" name=\"frm_submit_entry_6\" value=\"556d72ef86\" \/><input type=\"hidden\" name=\"_wp_http_referer\" value=\"\/de\/wp-json\/wp\/v2\/pages\/1291\" \/><div id=\"frm_field_68_container\" class=\"frm_form_field form-field  frm_required_field frm_top_container\">\r\n    <label for=\"field_rzy192\" class=\"frm_primary_label\">Pr\u00e9nom\r\n        <span class=\"frm_required\">*<\/span>\r\n    <\/label>\r\n    <input type=\"text\" id=\"field_rzy192\" name=\"item_meta[68]\" value=\"\"  data-reqmsg=\"Ce champ ne peut pas \u00eatre vide\" aria-required=\"true\" data-invmsg=\"Pr\u00e9nom ist ung\u00fcltig\" aria-invalid=\"false\"  \/>\r\n    \r\n    \r\n<\/div>\n<div id=\"frm_field_69_container\" class=\"frm_form_field form-field  frm_required_field frm_top_container\">\r\n    <label for=\"field_n24pm2\" class=\"frm_primary_label\">Nom\r\n        <span class=\"frm_required\">*<\/span>\r\n    <\/label>\r\n    <input type=\"text\" id=\"field_n24pm2\" name=\"item_meta[69]\" value=\"\"  data-reqmsg=\"Ce champ ne peut pas \u00eatre vide\" aria-required=\"true\" data-invmsg=\"Nom ist ung\u00fcltig\" aria-invalid=\"false\"  \/>\r\n    \r\n    \r\n<\/div>\n<div id=\"frm_field_70_container\" class=\"frm_form_field form-field  frm_required_field frm_top_container\">\r\n    <label for=\"field_avw552\" class=\"frm_primary_label\">E-mail\r\n        <span class=\"frm_required\">*<\/span>\r\n    <\/label>\r\n    <input type=\"email\" id=\"field_avw552\" name=\"item_meta[70]\" value=\"\"  data-reqmsg=\"Ce champ ne peut pas \u00eatre vide\" aria-required=\"true\" data-invmsg=\"E-mail est non valide\" aria-invalid=\"false\"  \/>\r\n    \r\n    \r\n<\/div>\n<div id=\"frm_field_71_container\" class=\"frm_form_field form-field  frm_required_field frm_top_container\">\r\n    <label for=\"field_6gr4j2\" class=\"frm_primary_label\">Message\r\n        <span class=\"frm_required\">*<\/span>\r\n    <\/label>\r\n    <textarea name=\"item_meta[71]\" id=\"field_6gr4j2\" rows=\"5\"  data-reqmsg=\"Ce champ ne peut pas \u00eatre vide\" aria-required=\"true\" data-invmsg=\"Message ist ung\u00fcltig\" aria-invalid=\"false\"  ><\/textarea>\r\n    \r\n    \r\n<\/div>\n\t<input type=\"hidden\" name=\"item_key\" value=\"\" \/>\n\t\t\t\t<div class=\"frm_verify\" >\n\t\t\t\t<label for=\"frm_email_6\">\n\t\t\t\t\tFalls Du menschlich bist, lasse dieses Feld leer.\t\t\t\t<\/label>\n\t\t\t\t<input type=\"email\" class=\"frm_verify\" id=\"frm_email_6\" name=\"frm_verify\" value=\"\"  \/>\n\t\t\t<\/div>\n\t\t<div class=\"frm_submit\">\r\n\r\n<input type=\"submit\" value=\"Envoyer\"  class=\"frm_final_submit\" formnovalidate=\"formnovalidate\" \/>\r\n<img class=\"frm_ajax_loading\" src=\"https:\/\/maisonbost.com\/wp-content\/plugins\/formidable\/images\/ajax_loader.gif\" alt=\"Envoi\"\/>\r\n\r\n<\/div><\/div>\n<\/fieldset>\n<\/div>\n<\/form>\n<\/div>\n\n","protected":false},"excerpt":{"rendered":"<p>Die Maison Eugenie et John Bost besteht in den Sammlungen bereits in den erhaltenen Fondation John BOST. Sie wurden bei der Er\u00f6ffnung von den Familien Sammlungen gespeichert von Gaston Bost, Enkel von John Bost erg\u00e4nzt, der Vorsitzende des Vorstandes der Fondation John BOST, dann von seiner Tochter Annie Bost-Gervereau war. Laurent Gervereau gab sie die [&hellip;]<\/p>\n","protected":false},"author":1,"featured_media":0,"parent":0,"menu_order":0,"comment_status":"closed","ping_status":"closed","template":"","meta":[],"_links":{"self":[{"href":"https:\/\/maisonbost.com\/de\/wp-json\/wp\/v2\/pages\/1291"}],"collection":[{"href":"https:\/\/maisonbost.com\/de\/wp-json\/wp\/v2\/pages"}],"about":[{"href":"https:\/\/maisonbost.com\/de\/wp-json\/wp\/v2\/types\/page"}],"author":[{"embeddable":true,"href":"https:\/\/maisonbost.com\/de\/wp-json\/wp\/v2\/users\/1"}],"replies":[{"embeddable":true,"href":"https:\/\/maisonbost.com\/de\/wp-json\/wp\/v2\/comments?post=1291"}],"version-history":[{"count":1,"href":"https:\/\/maisonbost.com\/de\/wp-json\/wp\/v2\/pages\/1291\/revisions"}],"predecessor-version":[{"id":1324,"href":"https:\/\/maisonbost.com\/de\/wp-json\/wp\/v2\/pages\/1291\/revisions\/1324"}],"wp:attachment":[{"href":"https:\/\/maisonbost.com\/de\/wp-json\/wp\/v2\/media?parent=1291"}],"curies":[{"name":"wp","href":"https:\/\/api.w.org\/{rel}","templated":true}]}}