{"id":1281,"date":"2017-07-12T16:53:27","date_gmt":"2017-07-12T14:53:27","guid":{"rendered":"http:\/\/maisonbost.com\/freie-ausstellung\/"},"modified":"2017-07-12T16:53:27","modified_gmt":"2017-07-12T14:53:27","slug":"freie-ausstellung","status":"publish","type":"page","link":"https:\/\/maisonbost.com\/de\/freie-ausstellung\/","title":{"rendered":"Freie Ausstellung"},"content":{"rendered":"<h2><span id=\"result_box\" class=\"short_text\" lang=\"de\"><span class=\"\">Herunterladbare<\/span> <span class=\"\">kostenlose Ausstellung<\/span><\/span><\/h2>\n<p><img loading=\"lazy\" class=\"alignleft wp-image-1284 \" src=\"https:\/\/maisonbost.com\/wp-content\/uploads\/2016\/12\/saga-bost.jpg\" width=\"249\" height=\"318\" srcset=\"https:\/\/maisonbost.com\/wp-content\/uploads\/2016\/12\/saga-bost.jpg 639w, https:\/\/maisonbost.com\/wp-content\/uploads\/2016\/12\/saga-bost-600x765.jpg 600w, https:\/\/maisonbost.com\/wp-content\/uploads\/2016\/12\/saga-bost-235x300.jpg 235w\" sizes=\"(max-width: 249px) 100vw, 249px\" \/> La Maison John et Eug\u00e9nie Bost a le souci de diffuser les manifestations qu&#8217;elle r\u00e9alise ou auxquelles elle est associ\u00e9e. La cr\u00e9ation de ces expositions en diff\u00e9rents panneaux permet de les tirer en format A3 pour de petites structures sans moyens financiers. Mais elles peuvent \u00e9videmment devenir des kakemonos ou banni\u00e8res en 60&#215;80 cm ou en 120&#215;160 cm ou m\u00eame devenir de grands panneaux dans des parcs. L&#8217;usage peut \u00eatre p\u00e9dagogique (des partenariats avec la Ligue de l&#8217;Enseignement seront r\u00e9alis\u00e9s). Elles peuvent se voir sur \u00e9cran, \u00eatre compl\u00e9t\u00e9es par des animations diverses. Ne manquez pas de nous faire des retours sur leur utilisation. La Saga Bost Cette exposition est l&#8217;histoire d&#8217;une famille depuis les pers\u00e9cutions sous Louis XIV et la fuite \u00e0 Gen\u00e8ve jusqu&#8217;au chanteur Renaud. La petite histoire rejoint alors l&#8217;histoire nationale et internationale \u00e0 travers des personnalit\u00e9s fortes, dont John et Eug\u00e9nie Bost ou Pierre Bost et le cin\u00e9ma et la diaspora sur diff\u00e9rents continents. Une perspective tr\u00e8s originale. Elle peut se pr\u00e9senter en panneaux doubles format horizontal ou avec des panneaux en hauteur (ce qui math\u00e9matiquement double leur nombre) \u00e0 votre choix. \u00a0 \u00a0 <strong>Titre des panneaux<\/strong><\/p>\n<ul>\n<li>La Saga Bost<\/li>\n<li>Une histoire familiale \u00e0 travers quelques personnalit\u00e9s fortes et innovantes<\/li>\n<li>L\u2019histoire du protestantisme dans l\u2019histoire des religions<\/li>\n<li>De Beaumont-l\u00e8s-Valence \u00e0 Gen\u00e8ve : du Refuge au R\u00e9veil<\/li>\n<li>John et Eug\u00e9nie Bost<\/li>\n<li>Les Asiles John Bost<\/li>\n<li>Augustin l\u2019abolitionniste : de Victor Hugo \u00e0 l\u2019Alg\u00e9rie<\/li>\n<li>Th\u00e9odore Bost et Sophie Bonjour au temps de la conqu\u00eate de l\u2019Ouest am\u00e9ricain<\/li>\n<li>La diaspora Bost<\/li>\n<li>Charles Bost, les camisards et l\u2019histoire du protestantisme<\/li>\n<li>Pierre Bost, des romans aux sc\u00e9narios (La Travers\u00e9e de Paris ou L\u2019Horloger de Saint-Paul)<\/li>\n<li>Jacques-Laurent Bost : Les Temps modernes, Le Nouvel Observateur, Sartre et Beauvoir<\/li>\n<li>Renaud, un chanteur protestant ?<\/li>\n<li>Agir et se transformer : la Fondation John BOST aujourd\u2019hui<\/li>\n<li>Regarder l\u2019histoire, d\u00e9fendre des valeurs : la Maison John et Eug\u00e9nie Bost, un mus\u00e9e pour comprendre la diff\u00e9rence<\/li>\n<\/ul>\n<p><strong>T\u00e9l\u00e9chargement gratuit de l&#8217;exposition <\/strong><\/p>\n<ul>\n<li><a href=\"http:\/\/maisonbost.org\/wp-content\/uploads\/2016\/12\/sagabost_expo_a2_bd.pdf\" target=\"_blank\" rel=\"noopener noreferrer\">Panneaux Saga Bost &#8211; format A2<\/a><\/li>\n<li><a href=\"http:\/\/maisonbost.org\/wp-content\/uploads\/2016\/12\/sagabost_expo_a3_bd.pdf\" target=\"_blank\" rel=\"noopener noreferrer\">Panneaux Saga Bost &#8211; format A3<\/a><\/li>\n<li><a href=\"http:\/\/maisonbost.com\/de\/kontakt\/\">Demander l&#8217;exposition en haute d\u00e9finition en expliquant l&#8217;utilisation<\/a><\/li>\n<\/ul>\n<hr \/>\n<h2><span id=\"result_box\" class=\"short_text\" lang=\"de\"><span class=\"\">Das Buch<\/span><\/span><\/h2>\n<p><img loading=\"lazy\" class=\"alignleft wp-image-938\" src=\"http:\/\/maisonbost.com\/wp-content\/uploads\/2016\/12\/La_Saga_Bost-289x300.jpg\" alt=\"\" width=\"380\" height=\"416\" \/><\/p>\n<h6>Erschienen unter der Leitung von\u00a0:<strong> Patrick Cabanel \u2013 Laurent Gervereau <\/strong><\/h6>\n<h6>Autoren :<strong> Patrick Cabanel, Gabrielle Cadier-Rey, Nicolas Champ, Annie Cohen-Solal, Andr\u00e9 Encrev\u00e9, Corinne Fran\u00e7ois-Den\u00e8ve, Christian Galtier, Laurent Gervereau, Liliane Mottu-Weber, Fran\u00e7ois Ouellet, Olivier Pigeaud<\/strong><\/h6>\n<p>Weshalb interessiert man sich \u00fcber einen so langen Zeitraum (vom 18. Jahrhundert bis heute) f\u00fcr eine bestimmte Familie\u00a0?<\/p>\n<p>Wahrscheinlich aufgrund ihrer Einzigartigkeit. Diese protestantische Familie litt wie viele unter den Verfolgungen, welche auf den Widerruf des Edikts von Nantes (welches den calvinistischen Protestanten religi\u00f6se Toleranz gew\u00e4hrte) unter Ludwig XIV. folgten. Der \u00ab\u00a0Stammvater\u00a0\u00bb, Jean Laurent Bost (de Beaumont-l\u00e8s-Valence in der Dauphin\u00e9), floh um 1720 nach Genf. Es wird auf den Spuren starker Pers\u00f6nlichkeiten gewandelt, die f\u00fcr sich genommen schon jede ein eigenes Buch verdient h\u00e4tten.<\/p>\n<p>Um nur einige zu nennen: Ami Bost &#8211; Pfarrer des R\u00e9veil; John Bost und seine Frau Eug\u00e9nie &#8211; Gr\u00fcnder der gleichnamigen Fondation; Th\u00e9odore Bost \u2013 zusammen mit Sophie Bonjour Pionier in Nordamerika; Charles Bost \u2013 Historiker mit Fokus auf den Protestantismus; Pierre Bost \u2013 Schriftsteller und gemeinsam mit Jacques Aurenche Drehbuchautor f\u00fcr ber\u00fchmte franz\u00f6sische Filme wie \u00ab\u00a0La Travers\u00e9e de Paris\u00a0\u00bb\u00a0; Jacques-Laurent Bost \u2013 intellektueller Freund von Jean-Paul Sartre und Simone de Beauvoir\u00a0; der S\u00e4nger Renaud\u2026<\/p>\n<p>Es ist eine Reise durch mehr als zwei Jahrhunderte, in welche sie \u00fcber Bilder \u2013 franz\u00f6sische, europ\u00e4ische und von anderen Kontinenten \u2013 tiefer eintauchen k\u00f6nnen. Des Weiteren ist es ein Mittel, um die erstaunlichen Leben von Menschen \u2013 M\u00e4nnern wie Frauen \u2013 zu entdecken, denen eine anspruchsvolle Konzeption der eigenen Existenz sowie h\u00e4ufig prophetische Visionen gemeinsam waren.<\/p>\n<p>Die Realisierung dieses Buches wurde von der Fondation John BOST und dem <em>Maison John et Eug\u00e9nie Bost<\/em> unterst\u00fctzt.<\/p>\n<p>&nbsp;<\/p>\n<p>&nbsp;<\/p>\n<div class=\"descriptiontotal\">\n<p><strong>Kauf des Buches <\/strong>oder:<strong> Neugierig geworden?<\/strong><\/p>\n<p>Sie k\u00f6nnen die \u201cSaga Bost\u201d unter folgendem Link online erwerben:<\/p>\n<blockquote><p><a href=\"https:\/\/maisonbost.com\/de\/boutique\/livres-de\/die-saga-bost\/\">Die Saga Bost<\/a><\/p><\/blockquote>\n<\/div>\n","protected":false},"excerpt":{"rendered":"<p>Herunterladbare kostenlose Ausstellung La Maison John et Eug\u00e9nie Bost a le souci de diffuser les manifestations qu&#8217;elle r\u00e9alise ou auxquelles elle est associ\u00e9e. La cr\u00e9ation de ces expositions en diff\u00e9rents panneaux permet de les tirer en format A3 pour de petites structures sans moyens financiers. Mais elles peuvent \u00e9videmment devenir des kakemonos ou banni\u00e8res en [&hellip;]<\/p>\n","protected":false},"author":1,"featured_media":1509,"parent":0,"menu_order":0,"comment_status":"closed","ping_status":"closed","template":"","meta":[],"_links":{"self":[{"href":"https:\/\/maisonbost.com\/de\/wp-json\/wp\/v2\/pages\/1281"}],"collection":[{"href":"https:\/\/maisonbost.com\/de\/wp-json\/wp\/v2\/pages"}],"about":[{"href":"https:\/\/maisonbost.com\/de\/wp-json\/wp\/v2\/types\/page"}],"author":[{"embeddable":true,"href":"https:\/\/maisonbost.com\/de\/wp-json\/wp\/v2\/users\/1"}],"replies":[{"embeddable":true,"href":"https:\/\/maisonbost.com\/de\/wp-json\/wp\/v2\/comments?post=1281"}],"version-history":[{"count":0,"href":"https:\/\/maisonbost.com\/de\/wp-json\/wp\/v2\/pages\/1281\/revisions"}],"wp:featuredmedia":[{"embeddable":true,"href":"https:\/\/maisonbost.com\/de\/wp-json\/wp\/v2\/media\/1509"}],"wp:attachment":[{"href":"https:\/\/maisonbost.com\/de\/wp-json\/wp\/v2\/media?parent=1281"}],"curies":[{"name":"wp","href":"https:\/\/api.w.org\/{rel}","templated":true}]}}