{"id":1264,"date":"2017-07-12T16:45:06","date_gmt":"2017-07-12T14:45:06","guid":{"rendered":"http:\/\/maisonbost.com\/dauerausstellung\/"},"modified":"2017-07-13T10:16:06","modified_gmt":"2017-07-13T08:16:06","slug":"dauerausstellung","status":"publish","type":"page","link":"https:\/\/maisonbost.com\/de\/dauerausstellung\/","title":{"rendered":"Dauerausstellung"},"content":{"rendered":"<p><img loading=\"lazy\" class=\"aligncenter wp-image-1275 size-full\" src=\"http:\/\/maisonbost.com\/wp-content\/uploads\/2016\/12\/collection-permanente.jpg\" width=\"944\" height=\"314\" srcset=\"https:\/\/maisonbost.com\/wp-content\/uploads\/2016\/12\/collection-permanente.jpg 944w, https:\/\/maisonbost.com\/wp-content\/uploads\/2016\/12\/collection-permanente-600x200.jpg 600w, https:\/\/maisonbost.com\/wp-content\/uploads\/2016\/12\/collection-permanente-300x100.jpg 300w, https:\/\/maisonbost.com\/wp-content\/uploads\/2016\/12\/collection-permanente-768x255.jpg 768w, https:\/\/maisonbost.com\/wp-content\/uploads\/2016\/12\/collection-permanente-299x100.jpg 299w\" sizes=\"(max-width: 944px) 100vw, 944px\" \/><\/p>\n<hr \/>\n<h2><\/h2>\n<div id=\"attachment_506\" style=\"width: 425px\" class=\"wp-caption alignright\"><img aria-describedby=\"caption-attachment-506\" loading=\"lazy\" id=\"longdesc-return-390\" class=\"wp-image-506\" tabindex=\"-1\" src=\"http:\/\/maisonbost.com\/wp-content\/uploads\/2017\/02\/13022017-13022017-IMG_1277.jpg\" width=\"415\" height=\"276\" longdesc=\"http:\/\/maisonbost.org?longdesc=390&amp;referrer=12\" srcset=\"https:\/\/maisonbost.com\/wp-content\/uploads\/2017\/02\/13022017-13022017-IMG_1277.jpg 2000w, https:\/\/maisonbost.com\/wp-content\/uploads\/2017\/02\/13022017-13022017-IMG_1277-600x400.jpg 600w, https:\/\/maisonbost.com\/wp-content\/uploads\/2017\/02\/13022017-13022017-IMG_1277-300x200.jpg 300w, https:\/\/maisonbost.com\/wp-content\/uploads\/2017\/02\/13022017-13022017-IMG_1277-768x512.jpg 768w, https:\/\/maisonbost.com\/wp-content\/uploads\/2017\/02\/13022017-13022017-IMG_1277-1024x682.jpg 1024w\" sizes=\"(max-width: 415px) 100vw, 415px\" \/><p id=\"caption-attachment-506\" class=\"wp-caption-text\">Erster Saal<\/p><\/div>\n<h2>Ein prophetisches (Lebens-)Werk\u00a0: Die <em>Asiles<\/em> <em>von Laforce<\/em><\/h2>\n<p><strong>Dieser Saal hebt die Besonderheit und den weitreichenden Umfang dieses \u201cprophetischen Ortes\u201d hervor, dessen Grundgedanke im 19. Jahrhundert von John Bost erdacht wurde.<\/strong><\/p>\n<p>Themen die in diesem Saal behandelt werden:<\/p>\n<ul>\n<li>John und Eug\u00e9nie Bost am Ursprung des Werkes<\/li>\n<li>Inwiefern entsprechen die <em>Asiles von Laforce<\/em> einer prophetischen Vision?<\/li>\n<li>Die Schwesterorganisationen \u201cBethel\u201d in Deutschland und \u201cSonnenhof\u201d im Elsass.<\/li>\n<li>Anderssein im 19. Jahrhundert: Die Situation in Frankreich zur Zeit der Gr\u00fcndung der <em>Asiles von Laforce<\/em><\/li>\n<\/ul>\n<hr \/>\n<div id=\"attachment_520\" style=\"width: 407px\" class=\"wp-caption alignleft\"><img aria-describedby=\"caption-attachment-520\" loading=\"lazy\" class=\"wp-image-520\" src=\"http:\/\/maisonbost.com\/wp-content\/uploads\/2017\/02\/14022017-14022017-IMG_0018.jpg\" width=\"397\" height=\"265\" srcset=\"https:\/\/maisonbost.com\/wp-content\/uploads\/2017\/02\/14022017-14022017-IMG_0018.jpg 2000w, https:\/\/maisonbost.com\/wp-content\/uploads\/2017\/02\/14022017-14022017-IMG_0018-600x400.jpg 600w, https:\/\/maisonbost.com\/wp-content\/uploads\/2017\/02\/14022017-14022017-IMG_0018-300x200.jpg 300w, https:\/\/maisonbost.com\/wp-content\/uploads\/2017\/02\/14022017-14022017-IMG_0018-768x512.jpg 768w, https:\/\/maisonbost.com\/wp-content\/uploads\/2017\/02\/14022017-14022017-IMG_0018-1024x682.jpg 1024w\" sizes=\"(max-width: 397px) 100vw, 397px\" \/><p id=\"caption-attachment-520\" class=\"wp-caption-text\">Zweiter Saal<\/p><\/div>\n<h2>Die Anf\u00e4nge des Protestantismus und die Herkunft der Familie Bost<\/h2>\n<p><strong>Anhaltspunkte zur Geschichte des Protestantismus im Rahmen allgemeiner Religionswissenschaft. <\/strong><strong>Die (Familien-)Geschichte von John Bost und Eug\u00e9nie Meynardie Ponterie-Escot.<\/strong><\/p>\n<p>Themen, die in diesem Saal behandelt werden\u00a0:<\/p>\n<ul>\n<li>Geschichte der Weltanschauungen und der Religionen<\/li>\n<li>Die Geschichte des Protestantismus<\/li>\n<li>Chronologie der protestantischen Geschichte<\/li>\n<li>Abstammung der Familien Bost und Meynardie Ponterie-Escot<\/li>\n<li>Die Jugend John Bosts und seine Ankunft in Laforce in der Familie Meynardie<\/li>\n<\/ul>\n<hr \/>\n<div id=\"attachment_693\" style=\"width: 500px\" class=\"wp-caption alignright\"><img aria-describedby=\"caption-attachment-693\" loading=\"lazy\" class=\"wp-image-1276 \" src=\"https:\/\/maisonbost.com\/wp-content\/uploads\/2016\/12\/16022017-MA2_0409.jpg\" width=\"490\" height=\"327\" srcset=\"https:\/\/maisonbost.com\/wp-content\/uploads\/2016\/12\/16022017-MA2_0409.jpg 5760w, https:\/\/maisonbost.com\/wp-content\/uploads\/2016\/12\/16022017-MA2_0409-600x400.jpg 600w, https:\/\/maisonbost.com\/wp-content\/uploads\/2016\/12\/16022017-MA2_0409-300x200.jpg 300w, https:\/\/maisonbost.com\/wp-content\/uploads\/2016\/12\/16022017-MA2_0409-768x512.jpg 768w, https:\/\/maisonbost.com\/wp-content\/uploads\/2016\/12\/16022017-MA2_0409-1024x683.jpg 1024w\" sizes=\"(max-width: 490px) 100vw, 490px\" \/><p id=\"caption-attachment-693\" class=\"wp-caption-text\">Dritter Saal<\/p><\/div>\n<h2>Das Lebenswerk von John und Eug\u00e9nie Bost<\/h2>\n<p><strong>Der Aufbau der \u00ab\u00a0Asiles de Laforce\u00a0\u00bb und ihre Entwicklung im Laufe des 19. Jahrhunderts.<\/strong><\/p>\n<p>In diesem Saal vorgestellte Themen\u00a0:<\/p>\n<ul>\n<li>Die Zeit (um 1848)<\/li>\n<li>Die Anfangszeit der \u00ab\u00a0Asiles de Laforce\u00a0\u00bb<\/li>\n<li>Die (Bedeutung der) Spende<\/li>\n<li>Eine Medizin der ganzen Person<\/li>\n<li>Gesundes Leben und Ergotherapie<\/li>\n<li>Die Familie Bost in Meynard<\/li>\n<li>Die Musik<\/li>\n<li>(An-)Erkennung des \u00f6ffentlichen Nutzens<\/li>\n<li>Auf dem Weg in die Zukunft<\/li>\n<\/ul>\n<hr \/>\n<div id=\"attachment_515\" style=\"width: 460px\" class=\"wp-caption alignleft\"><img aria-describedby=\"caption-attachment-515\" loading=\"lazy\" id=\"longdesc-return-396\" class=\"wp-image-515\" tabindex=\"-1\" src=\"http:\/\/maisonbost.com\/wp-content\/uploads\/2017\/02\/14022017-14022017-IMG_0009.jpg\" width=\"450\" height=\"300\" longdesc=\"http:\/\/maisonbost.org?longdesc=396&amp;referrer=12\" srcset=\"https:\/\/maisonbost.com\/wp-content\/uploads\/2017\/02\/14022017-14022017-IMG_0009.jpg 2000w, https:\/\/maisonbost.com\/wp-content\/uploads\/2017\/02\/14022017-14022017-IMG_0009-600x400.jpg 600w, https:\/\/maisonbost.com\/wp-content\/uploads\/2017\/02\/14022017-14022017-IMG_0009-300x200.jpg 300w, https:\/\/maisonbost.com\/wp-content\/uploads\/2017\/02\/14022017-14022017-IMG_0009-768x512.jpg 768w, https:\/\/maisonbost.com\/wp-content\/uploads\/2017\/02\/14022017-14022017-IMG_0009-1024x682.jpg 1024w\" sizes=\"(max-width: 450px) 100vw, 450px\" \/><p id=\"caption-attachment-515\" class=\"wp-caption-text\">Vierter Saal<\/p><\/div>\n<h2>Angeh\u00f6rige der Familie Bost im 20. Jahrhundert \u2013 Von Charles Bost bis Renaud<\/h2>\n<p>Eine Auswahl von Personen <em>hors du commun<\/em>\u00a0:<\/p>\n<ul>\n<li>Charles Bost \u2013 Pastor und Historiker mit Fokus auf den Protestantismus<\/li>\n<li>Charles-Marc Bost \u2013 Sein Sohn und Historiker der Familie Bost<\/li>\n<li>Pierre Bost \u2013 Buchautor und sc\u00e9nariste de films<\/li>\n<li>Jacques-Laurent Bost \u2013 Journalist und \u00dcbersetzer (von Romanen)<\/li>\n<li>Der S\u00e4nger <em>Renaud<\/em> (Renaud S\u00e9chan)<\/li>\n<\/ul>\n<hr \/>\n<div id=\"attachment_696\" style=\"width: 340px\" class=\"wp-caption alignright\"><img aria-describedby=\"caption-attachment-696\" loading=\"lazy\" class=\"wp-image-1277\" src=\"https:\/\/maisonbost.com\/wp-content\/uploads\/2016\/12\/16022017-MA2_0418.jpg\" width=\"330\" height=\"220\" srcset=\"https:\/\/maisonbost.com\/wp-content\/uploads\/2016\/12\/16022017-MA2_0418.jpg 5760w, https:\/\/maisonbost.com\/wp-content\/uploads\/2016\/12\/16022017-MA2_0418-600x400.jpg 600w, https:\/\/maisonbost.com\/wp-content\/uploads\/2016\/12\/16022017-MA2_0418-300x200.jpg 300w, https:\/\/maisonbost.com\/wp-content\/uploads\/2016\/12\/16022017-MA2_0418-768x512.jpg 768w, https:\/\/maisonbost.com\/wp-content\/uploads\/2016\/12\/16022017-MA2_0418-1024x683.jpg 1024w\" sizes=\"(max-width: 330px) 100vw, 330px\" \/><p id=\"caption-attachment-696\" class=\"wp-caption-text\">F\u00fcnfter Saal<\/p><\/div>\n<h2>Die Fondation John Bost im 20. und 21. Jahrhundert<\/h2>\n<p>Die Nachfolger von John Bost haben die von ihrem Gr\u00fcnder inspirierte Arbeit weiterverfolgt. Pension\u00e4re werden nun \u201cResidenten\u201d genannt.<\/p>\n<p>Von den <em>Asiles von Laforce<\/em> bis zur <a href=\"http:\/\/www.johnbost.org\/\" target=\"_blank\" rel=\"noopener noreferrer\">Fondation John BOST<\/a> \u2013 Entdecken Sie die Entwicklung der Einrichtung von den Anf\u00e4ngen im 19. Jahrhundert bis heute anhand zahlreicher Zeitzeugnisse.<\/p>\n<p>Ein interaktiver Tisch und drei Bildschirme laden dazu ein, tiefer in die Geschichte der Fondation einzutauchen.<\/p>\n<hr \/>\n<div id=\"attachment_531\" style=\"width: 408px\" class=\"wp-caption alignleft\"><img aria-describedby=\"caption-attachment-531\" loading=\"lazy\" id=\"longdesc-return-400\" class=\"wp-image-531 \" tabindex=\"-1\" src=\"http:\/\/maisonbost.com\/wp-content\/uploads\/2017\/02\/14022017-14022017-IMG_9993.jpg\" width=\"398\" height=\"265\" longdesc=\"http:\/\/maisonbost.org?longdesc=400&amp;referrer=12\" srcset=\"https:\/\/maisonbost.com\/wp-content\/uploads\/2017\/02\/14022017-14022017-IMG_9993.jpg 2000w, https:\/\/maisonbost.com\/wp-content\/uploads\/2017\/02\/14022017-14022017-IMG_9993-600x400.jpg 600w, https:\/\/maisonbost.com\/wp-content\/uploads\/2017\/02\/14022017-14022017-IMG_9993-300x200.jpg 300w, https:\/\/maisonbost.com\/wp-content\/uploads\/2017\/02\/14022017-14022017-IMG_9993-768x512.jpg 768w, https:\/\/maisonbost.com\/wp-content\/uploads\/2017\/02\/14022017-14022017-IMG_9993-1024x682.jpg 1024w\" sizes=\"(max-width: 398px) 100vw, 398px\" \/><p id=\"caption-attachment-531\" class=\"wp-caption-text\">Sechster Saal<\/p><\/div>\n<h2>Eine andere Kunst?<\/h2>\n<p>\u00dcber alle R\u00e4ume verteilt finden sich plastische Original-Kunstwerke der Residenten der Fondation passend zu den jeweiligen Inhalten und Themen bzw. teilweise als Gegenpol dazu.<\/p>\n<p>Diese k\u00fcnstlerischen Darstellungen bilden das Herzst\u00fcck <em>des Maison John und Eug\u00e9nie Bost. <\/em><\/p>\n<p>Dieser sich stets wandelnde Raum ist den Kunstwerken der Residenten im Laufe der Zeit gewidmet.<\/p>\n","protected":false},"excerpt":{"rendered":"<p>Ein prophetisches (Lebens-)Werk\u00a0: Die Asiles von Laforce Dieser Saal hebt die Besonderheit und den weitreichenden Umfang dieses \u201cprophetischen Ortes\u201d hervor, dessen Grundgedanke im 19. Jahrhundert von John Bost erdacht wurde. Themen die in diesem Saal behandelt werden: John und Eug\u00e9nie Bost am Ursprung des Werkes Inwiefern entsprechen die Asiles von Laforce einer prophetischen Vision? Die [&hellip;]<\/p>\n","protected":false},"author":1,"featured_media":1274,"parent":0,"menu_order":0,"comment_status":"closed","ping_status":"closed","template":"","meta":[],"_links":{"self":[{"href":"https:\/\/maisonbost.com\/de\/wp-json\/wp\/v2\/pages\/1264"}],"collection":[{"href":"https:\/\/maisonbost.com\/de\/wp-json\/wp\/v2\/pages"}],"about":[{"href":"https:\/\/maisonbost.com\/de\/wp-json\/wp\/v2\/types\/page"}],"author":[{"embeddable":true,"href":"https:\/\/maisonbost.com\/de\/wp-json\/wp\/v2\/users\/1"}],"replies":[{"embeddable":true,"href":"https:\/\/maisonbost.com\/de\/wp-json\/wp\/v2\/comments?post=1264"}],"version-history":[{"count":1,"href":"https:\/\/maisonbost.com\/de\/wp-json\/wp\/v2\/pages\/1264\/revisions"}],"predecessor-version":[{"id":1327,"href":"https:\/\/maisonbost.com\/de\/wp-json\/wp\/v2\/pages\/1264\/revisions\/1327"}],"wp:featuredmedia":[{"embeddable":true,"href":"https:\/\/maisonbost.com\/de\/wp-json\/wp\/v2\/media\/1274"}],"wp:attachment":[{"href":"https:\/\/maisonbost.com\/de\/wp-json\/wp\/v2\/media?parent=1264"}],"curies":[{"name":"wp","href":"https:\/\/api.w.org\/{rel}","templated":true}]}}