{"id":1256,"date":"2017-07-12T16:14:09","date_gmt":"2017-07-12T14:14:09","guid":{"rendered":"http:\/\/maisonbost.com\/sonderausstellung\/"},"modified":"2017-07-12T16:14:09","modified_gmt":"2017-07-12T14:14:09","slug":"sonderausstellung","status":"publish","type":"page","link":"https:\/\/maisonbost.com\/de\/sonderausstellung\/","title":{"rendered":"Sonderausstellung"},"content":{"rendered":"<h2><img loading=\"lazy\" class=\"aligncenter wp-image-1262 size-full\" src=\"http:\/\/maisonbost.com\/wp-content\/uploads\/2016\/12\/exposition-temporaire.jpg\" width=\"944\" height=\"314\" srcset=\"https:\/\/maisonbost.com\/wp-content\/uploads\/2016\/12\/exposition-temporaire.jpg 944w, https:\/\/maisonbost.com\/wp-content\/uploads\/2016\/12\/exposition-temporaire-600x200.jpg 600w, https:\/\/maisonbost.com\/wp-content\/uploads\/2016\/12\/exposition-temporaire-300x100.jpg 300w, https:\/\/maisonbost.com\/wp-content\/uploads\/2016\/12\/exposition-temporaire-768x255.jpg 768w, https:\/\/maisonbost.com\/wp-content\/uploads\/2016\/12\/exposition-temporaire-299x100.jpg 299w\" sizes=\"(max-width: 944px) 100vw, 944px\" \/><\/h2>\n<h2>FRANCIS MASSON, LE CALDER DE LA FORCE<\/h2>\n<p>Die erste Sonderausstellung des <em>Maison John et Eug\u00e9nie Bost<\/em> ist eine Hommage an Francis Masson &#8211; denn es ist die rechte H\u00e4lfte seiner Nachbildung des Pavillons \u00ab\u00a0<a href=\"http:\/\/www.johnbost.org\/pavillon\/pavillon-la-famille\/\" target=\"_blank\" rel=\"noopener noreferrer\">La Famille<\/a>\u00a0\u00bb, gefertigt aus Eisendraht, die zum Logo des Museums geworden ist. Wir m\u00f6chten Sie dazu einladen, zu entdecken, worum es sich bei dieser Ausstellung handelt \u2013 nicht um eine Kuriosit\u00e4t, sondern um ein (Lebens-)Werk.<\/p>\n<p>Francis Masson wurde im M\u00e4rz 1944 in P\u00e9rigueux geboren. Seine Mutter verstiess ihn im Oktober selben Jahres. Im Alter von einem Jahr wurde er von der DDASS (<strong>D<\/strong>irection <strong>d<\/strong>\u00e9partementale des <strong>A<\/strong>ffaires <strong>s<\/strong>anitaires et <strong>s<\/strong>ociales, welche sich u.a. um die soziale Hilfe f\u00fcr Kinder k\u00fcmmert) in den <em>Asiles John Bost<\/em> untergebracht. Ab 1953 hat er damit begonnen, Skulpturen aus Eisendraht zu fertigen, was er sein ganzes Leben \u00fcber fortf\u00fchrte und sich dabei verschiedenen Themen widmete. Herr Masson nahm sich im M\u00e4rz 1985 das Leben.<\/p>\n<p>Es ist h\u00f6chste Zeit, die \u00f6ffentliche Aufmerksamkeit auf diesen aussergew\u00f6hnlichen K\u00fcnstler zu lenken der \u2013 ebenso wie <a href=\"https:\/\/fr.wikipedia.org\/wiki\/Alexander_Calder\" target=\"_blank\" rel=\"noopener noreferrer\">Alexander Calder<\/a> (amerikanischer Bildhauer) \u2013 den \u201cEisendraht zum Singen\u201d bringen konnte und uns einen anderen Blick auf die Welt offenbart.<\/p>\n<p>Dieses wird von Nicolas Surlapierre hervorragend in dem Begleitwerk zu dieser Ausstellung erkl\u00e4rt und Jean-Fran\u00e7ois Monnier l\u00e4sst den Besucher an seinen Erinnerungen an Francis Masson teilhaben.<\/p>\n\n\t\t<style type=\"text\/css\">\n\t\t\t#gallery-1 {\n\t\t\t\tmargin: auto;\n\t\t\t}\n\t\t\t#gallery-1 .gallery-item {\n\t\t\t\tfloat: left;\n\t\t\t\tmargin-top: 10px;\n\t\t\t\ttext-align: center;\n\t\t\t\twidth: 50%;\n\t\t\t}\n\t\t\t#gallery-1 img {\n\t\t\t\tborder: 2px solid #cfcfcf;\n\t\t\t}\n\t\t\t#gallery-1 .gallery-caption {\n\t\t\t\tmargin-left: 0;\n\t\t\t}\n\t\t\t\/* see gallery_shortcode() in wp-includes\/media.php *\/\n\t\t<\/style>\n\t\t<div id='gallery-1' class='gallery galleryid-1256 gallery-columns-2 gallery-size-large'><dl class='gallery-item'>\n\t\t\t<dt class='gallery-icon landscape'>\n\t\t\t\t<img width=\"1024\" height=\"683\" src=\"https:\/\/maisonbost.com\/wp-content\/uploads\/2016\/12\/Ve\u0301locype\u0300de_Francis-Masson_web-1024x683.jpg\" class=\"attachment-large size-large\" alt=\"\" loading=\"lazy\" srcset=\"https:\/\/maisonbost.com\/wp-content\/uploads\/2016\/12\/Ve\u0301locype\u0300de_Francis-Masson_web-1024x683.jpg 1024w, https:\/\/maisonbost.com\/wp-content\/uploads\/2016\/12\/Ve\u0301locype\u0300de_Francis-Masson_web-600x400.jpg 600w, https:\/\/maisonbost.com\/wp-content\/uploads\/2016\/12\/Ve\u0301locype\u0300de_Francis-Masson_web-300x200.jpg 300w, https:\/\/maisonbost.com\/wp-content\/uploads\/2016\/12\/Ve\u0301locype\u0300de_Francis-Masson_web-768x512.jpg 768w, https:\/\/maisonbost.com\/wp-content\/uploads\/2016\/12\/Ve\u0301locype\u0300de_Francis-Masson_web.jpg 1200w\" sizes=\"(max-width: 1024px) 100vw, 1024px\" \/>\n\t\t\t<\/dt><\/dl><dl class='gallery-item'>\n\t\t\t<dt class='gallery-icon landscape'>\n\t\t\t\t<img width=\"1024\" height=\"683\" src=\"https:\/\/maisonbost.com\/wp-content\/uploads\/2016\/12\/He\u0301licopte\u0300re_Francis-Masson_web-1024x683.jpg\" class=\"attachment-large size-large\" alt=\"\" loading=\"lazy\" srcset=\"https:\/\/maisonbost.com\/wp-content\/uploads\/2016\/12\/He\u0301licopte\u0300re_Francis-Masson_web-1024x683.jpg 1024w, https:\/\/maisonbost.com\/wp-content\/uploads\/2016\/12\/He\u0301licopte\u0300re_Francis-Masson_web-600x400.jpg 600w, https:\/\/maisonbost.com\/wp-content\/uploads\/2016\/12\/He\u0301licopte\u0300re_Francis-Masson_web-300x200.jpg 300w, https:\/\/maisonbost.com\/wp-content\/uploads\/2016\/12\/He\u0301licopte\u0300re_Francis-Masson_web-768x512.jpg 768w, https:\/\/maisonbost.com\/wp-content\/uploads\/2016\/12\/He\u0301licopte\u0300re_Francis-Masson_web.jpg 1200w\" sizes=\"(max-width: 1024px) 100vw, 1024px\" \/>\n\t\t\t<\/dt><\/dl><br style=\"clear: both\" \/><dl class='gallery-item'>\n\t\t\t<dt class='gallery-icon landscape'>\n\t\t\t\t<img width=\"1024\" height=\"683\" src=\"https:\/\/maisonbost.com\/wp-content\/uploads\/2016\/12\/Voiture_Francis-Masson_web-1024x683.jpg\" class=\"attachment-large size-large\" alt=\"\" loading=\"lazy\" srcset=\"https:\/\/maisonbost.com\/wp-content\/uploads\/2016\/12\/Voiture_Francis-Masson_web-1024x683.jpg 1024w, https:\/\/maisonbost.com\/wp-content\/uploads\/2016\/12\/Voiture_Francis-Masson_web-600x400.jpg 600w, https:\/\/maisonbost.com\/wp-content\/uploads\/2016\/12\/Voiture_Francis-Masson_web-300x200.jpg 300w, https:\/\/maisonbost.com\/wp-content\/uploads\/2016\/12\/Voiture_Francis-Masson_web-768x512.jpg 768w, https:\/\/maisonbost.com\/wp-content\/uploads\/2016\/12\/Voiture_Francis-Masson_web.jpg 1200w\" sizes=\"(max-width: 1024px) 100vw, 1024px\" \/>\n\t\t\t<\/dt><\/dl><dl class='gallery-item'>\n\t\t\t<dt class='gallery-icon landscape'>\n\t\t\t\t<img width=\"1024\" height=\"683\" src=\"https:\/\/maisonbost.com\/wp-content\/uploads\/2016\/12\/Voilier_Francis-Masson_web-1024x683.jpg\" class=\"attachment-large size-large\" alt=\"\" loading=\"lazy\" srcset=\"https:\/\/maisonbost.com\/wp-content\/uploads\/2016\/12\/Voilier_Francis-Masson_web-1024x683.jpg 1024w, https:\/\/maisonbost.com\/wp-content\/uploads\/2016\/12\/Voilier_Francis-Masson_web-600x400.jpg 600w, https:\/\/maisonbost.com\/wp-content\/uploads\/2016\/12\/Voilier_Francis-Masson_web-300x200.jpg 300w, https:\/\/maisonbost.com\/wp-content\/uploads\/2016\/12\/Voilier_Francis-Masson_web-768x512.jpg 768w, https:\/\/maisonbost.com\/wp-content\/uploads\/2016\/12\/Voilier_Francis-Masson_web.jpg 1200w\" sizes=\"(max-width: 1024px) 100vw, 1024px\" \/>\n\t\t\t<\/dt><\/dl><br style=\"clear: both\" \/>\n\t\t<\/div>\n\n<h2><strong>Begleitheft zur Ausstellung<\/strong><\/h2>\n<p>Sie k\u00f6nnen online \u00fcber folgenden Link ein Begleitheft zu der Sonderausstellung <em>Francis Masson, der \u00ab\u00a0Calder von La Force\u00a0\u00bb<\/em> bestellen\u00a0:<\/p>\n<blockquote><p><a href=\"https:\/\/maisonbost.com\/de\/boutique\/livres-de\/francis-masson-ausstellungskatalog\/\">Catalogue FRANCIS MASSON, LE CALDER DE LA FORCE<\/a><\/p><\/blockquote>\n<p>&nbsp;<\/p>\n","protected":false},"excerpt":{"rendered":"<p>FRANCIS MASSON, LE CALDER DE LA FORCE Die erste Sonderausstellung des Maison John et Eug\u00e9nie Bost ist eine Hommage an Francis Masson &#8211; denn es ist die rechte H\u00e4lfte seiner Nachbildung des Pavillons \u00ab\u00a0La Famille\u00a0\u00bb, gefertigt aus Eisendraht, die zum Logo des Museums geworden ist. Wir m\u00f6chten Sie dazu einladen, zu entdecken, worum es sich [&hellip;]<\/p>\n","protected":false},"author":1,"featured_media":1713,"parent":0,"menu_order":0,"comment_status":"closed","ping_status":"closed","template":"","meta":[],"_links":{"self":[{"href":"https:\/\/maisonbost.com\/de\/wp-json\/wp\/v2\/pages\/1256"}],"collection":[{"href":"https:\/\/maisonbost.com\/de\/wp-json\/wp\/v2\/pages"}],"about":[{"href":"https:\/\/maisonbost.com\/de\/wp-json\/wp\/v2\/types\/page"}],"author":[{"embeddable":true,"href":"https:\/\/maisonbost.com\/de\/wp-json\/wp\/v2\/users\/1"}],"replies":[{"embeddable":true,"href":"https:\/\/maisonbost.com\/de\/wp-json\/wp\/v2\/comments?post=1256"}],"version-history":[{"count":0,"href":"https:\/\/maisonbost.com\/de\/wp-json\/wp\/v2\/pages\/1256\/revisions"}],"wp:featuredmedia":[{"embeddable":true,"href":"https:\/\/maisonbost.com\/de\/wp-json\/wp\/v2\/media\/1713"}],"wp:attachment":[{"href":"https:\/\/maisonbost.com\/de\/wp-json\/wp\/v2\/media?parent=1256"}],"curies":[{"name":"wp","href":"https:\/\/api.w.org\/{rel}","templated":true}]}}