{"id":1242,"date":"2017-07-12T15:14:17","date_gmt":"2017-07-12T13:14:17","guid":{"rendered":"http:\/\/maisonbost.com\/links\/"},"modified":"2017-07-12T15:14:17","modified_gmt":"2017-07-12T13:14:17","slug":"links","status":"publish","type":"page","link":"https:\/\/maisonbost.com\/de\/links\/","title":{"rendered":"Links"},"content":{"rendered":"<p>&nbsp;<\/p>\n<table border=\"0\">\n<tbody>\n<tr>\n<th><img loading=\"lazy\" class=\"wp-image-1244 aligncenter\" src=\"https:\/\/maisonbost.com\/wp-content\/uploads\/2016\/12\/logo-FJB-250x250.jpg\" alt=\"\" width=\"190\" height=\"190\" srcset=\"https:\/\/maisonbost.com\/wp-content\/uploads\/2016\/12\/logo-FJB-250x250.jpg 250w, https:\/\/maisonbost.com\/wp-content\/uploads\/2016\/12\/logo-FJB-250x250-100x100.jpg 100w, https:\/\/maisonbost.com\/wp-content\/uploads\/2016\/12\/logo-FJB-250x250-150x150.jpg 150w\" sizes=\"(max-width: 190px) 100vw, 190px\" \/><\/th>\n<th style=\"padding-left: 30px;\">\n<h3 style=\"text-align: left;\"><a href=\"http:\/\/www.johnbost.org\" target=\"_blank\" rel=\"noopener noreferrer\">Fondation John BOST<\/a><\/h3>\n<p style=\"text-align: left;\"><span id=\"result_box\" class=\"\" lang=\"de\">Die Foundation begr\u00fc\u00dft und k\u00fcmmert sich um Menschen (Kinder, Jugendliche, Erwachsene und Senioren) mit psychischen St\u00f6rungen und k\u00f6rperlichen und \/ oder psychischen sowie abh\u00e4ngige \u00e4lteren Menschen, die ein angemessenes soziales Leben <span class=\"\">ben\u00f6tigen<\/span><span class=\"\">.<\/span><\/span><\/p>\n<\/th>\n<\/tr>\n<\/tbody>\n<\/table>\n<p>&nbsp;<\/p>\n<table border=\"0\">\n<tbody>\n<tr>\n<th><img loading=\"lazy\" class=\"alignnone size-full wp-image-1245\" src=\"https:\/\/maisonbost.com\/wp-content\/uploads\/2016\/12\/logo-shpvd-250x250-.jpg\" alt=\"\" width=\"250\" height=\"250\" srcset=\"https:\/\/maisonbost.com\/wp-content\/uploads\/2016\/12\/logo-shpvd-250x250-.jpg 250w, https:\/\/maisonbost.com\/wp-content\/uploads\/2016\/12\/logo-shpvd-250x250--100x100.jpg 100w, https:\/\/maisonbost.com\/wp-content\/uploads\/2016\/12\/logo-shpvd-250x250--150x150.jpg 150w\" sizes=\"(max-width: 250px) 100vw, 250px\" \/><\/th>\n<th style=\"padding-left: 30px;\">\n<h3 style=\"text-align: left;\"><a href=\"http:\/\/www.shpvd.org\/\" target=\"_blank\" rel=\"noopener noreferrer\">Soci\u00e9t\u00e9 de l\u2019histoire du protestantisme dans la vall\u00e9e de la Dordogne<\/a><\/h3>\n<p style=\"text-align: left;\">Die Soci\u00e9t\u00e9 de l\u2019histoire du protestantisme dans la vall\u00e9e de la Dordogne (SHPVD),<span id=\"result_box\" class=\"\" lang=\"de\"> 1994 gegr\u00fcndet, ist ein Archiv von Informationen und eine Bibliothek. Es Es ist in Pineuilh (Gironde) <span class=\"\">gelegen<\/span><span class=\"\">.<\/span><\/span>.<\/p>\n<\/th>\n<\/tr>\n<\/tbody>\n<\/table>\n<p>&nbsp;<\/p>\n<table border=\"0\">\n<tbody>\n<tr>\n<th><img loading=\"lazy\" class=\"size-full wp-image-1243 aligncenter\" src=\"https:\/\/maisonbost.com\/wp-content\/uploads\/2016\/12\/logo-CP.jpg\" alt=\"\" width=\"190\" height=\"190\" srcset=\"https:\/\/maisonbost.com\/wp-content\/uploads\/2016\/12\/logo-CP.jpg 250w, https:\/\/maisonbost.com\/wp-content\/uploads\/2016\/12\/logo-CP-100x100.jpg 100w, https:\/\/maisonbost.com\/wp-content\/uploads\/2016\/12\/logo-CP-150x150.jpg 150w\" sizes=\"(max-width: 190px) 100vw, 190px\" \/><\/th>\n<th style=\"padding-left: 30px;\">\n<h3 style=\"text-align: left;\"><a href=\"http:\/\/www.shpvd.org\/\" target=\"_blank\" rel=\"noopener noreferrer\">Chroniques Protestantes Vall\u00e9e de la Dordogne<\/a><\/h3>\n<p style=\"text-align: left;\"><span id=\"result_box\" class=\"\" lang=\"de\">Diese Website ist ein Archiv und eine Bibliothek SHPVD. Diese Website Zugang zu den Archiven der John BOST Foundation bietet, Dokumente, nicht ver\u00f6ffentlicht, historische Anmerkungen, Publikationen, digitale Archive, weiter zu sammeln <span class=\"\">und Inventar.<\/span><\/span><\/p>\n<\/th>\n<\/tr>\n<\/tbody>\n<\/table>\n<p>&nbsp;<\/p>\n","protected":false},"excerpt":{"rendered":"<p>&nbsp; Fondation John BOST Die Foundation begr\u00fc\u00dft und k\u00fcmmert sich um Menschen (Kinder, Jugendliche, Erwachsene und Senioren) mit psychischen St\u00f6rungen und k\u00f6rperlichen und \/ oder psychischen sowie abh\u00e4ngige \u00e4lteren Menschen, die ein angemessenes soziales Leben ben\u00f6tigen. &nbsp; Soci\u00e9t\u00e9 de l\u2019histoire du protestantisme dans la vall\u00e9e de la Dordogne Die Soci\u00e9t\u00e9 de l\u2019histoire du protestantisme dans [&hellip;]<\/p>\n","protected":false},"author":1,"featured_media":0,"parent":0,"menu_order":0,"comment_status":"closed","ping_status":"closed","template":"","meta":[],"_links":{"self":[{"href":"https:\/\/maisonbost.com\/de\/wp-json\/wp\/v2\/pages\/1242"}],"collection":[{"href":"https:\/\/maisonbost.com\/de\/wp-json\/wp\/v2\/pages"}],"about":[{"href":"https:\/\/maisonbost.com\/de\/wp-json\/wp\/v2\/types\/page"}],"author":[{"embeddable":true,"href":"https:\/\/maisonbost.com\/de\/wp-json\/wp\/v2\/users\/1"}],"replies":[{"embeddable":true,"href":"https:\/\/maisonbost.com\/de\/wp-json\/wp\/v2\/comments?post=1242"}],"version-history":[{"count":0,"href":"https:\/\/maisonbost.com\/de\/wp-json\/wp\/v2\/pages\/1242\/revisions"}],"wp:attachment":[{"href":"https:\/\/maisonbost.com\/de\/wp-json\/wp\/v2\/media?parent=1242"}],"curies":[{"name":"wp","href":"https:\/\/api.w.org\/{rel}","templated":true}]}}