{"id":1165,"date":"2017-07-11T12:43:22","date_gmt":"2017-07-11T10:43:22","guid":{"rendered":"http:\/\/maisonbost.com\/maison-john-et-eugenie-bost\/"},"modified":"2018-01-30T12:26:54","modified_gmt":"2018-01-30T11:26:54","slug":"maison-john-et-eugenie-bost","status":"publish","type":"page","link":"https:\/\/maisonbost.com\/de\/maison-john-et-eugenie-bost\/","title":{"rendered":"Maison John et Eug\u00e9nie Bost"},"content":{"rendered":"<p><img loading=\"lazy\" class=\"aligncenter wp-image-1173 size-full\" src=\"http:\/\/maisonbost.com\/wp-content\/uploads\/2016\/12\/maison-john-et-eugenie-bost.jpg\" width=\"944\" height=\"314\" srcset=\"https:\/\/maisonbost.com\/wp-content\/uploads\/2016\/12\/maison-john-et-eugenie-bost.jpg 944w, https:\/\/maisonbost.com\/wp-content\/uploads\/2016\/12\/maison-john-et-eugenie-bost-600x200.jpg 600w, https:\/\/maisonbost.com\/wp-content\/uploads\/2016\/12\/maison-john-et-eugenie-bost-300x100.jpg 300w, https:\/\/maisonbost.com\/wp-content\/uploads\/2016\/12\/maison-john-et-eugenie-bost-768x255.jpg 768w, https:\/\/maisonbost.com\/wp-content\/uploads\/2016\/12\/maison-john-et-eugenie-bost-299x100.jpg 299w\" sizes=\"(max-width: 944px) 100vw, 944px\" \/><\/p>\n<p><strong>EIN ORT F\u00dcR ALLE!<\/strong><\/p>\n<p>Sie betreten ein Museum, das nicht wie alle anderen ist. Das <em>Maison<\/em> (\u00fcbersetzt Haus) <em>John et Eug\u00e9nie Bost<\/em> wird Ihnen Geschichte(n) erz\u00e4hlen. Im Wesentlichen die von John und seiner Frau Eug\u00e9nie, aber auch die Geschichte eines Gel\u00e4ndes und derer, die es bewohnen. Es illustriert ein menschliches Abenteuer welches sich &#8211; ausgehend von La Force &#8211; mit der Zeit auf viele andere Orte in ganz Frankreich erstreckt.<\/p>\n<p>Das <em>Maison John et Eug\u00e9nie Bost<\/em>\u00a0 ist auch das Spiegelbild einer Epoche. Sein Erfolg st\u00fctzt sich auf die besondere Verbindung mit den Residenten, den Angestellten und den Ehrenamtlichen der Fondation John Bost, ebenso wie auf jene mit allen Besuchern.<\/p>\n<p>Der Parcours des Museums l\u00e4dt dazu ein, in die Geschichte einzutauchen. Er m\u00f6chte den Blick der Einzelperson und der Gesellschaft auf Behinderungen und geistige Erkrankungen \u00e4ndern: <strong>Ein Museum, um den Unterschied zu verstehen.<\/strong><\/p>\n<h3><\/h3>\n<hr \/>\n<h2><img loading=\"lazy\" class=\"aligncenter wp-image-1174 size-full\" src=\"http:\/\/maisonbost.com\/wp-content\/uploads\/2016\/12\/descriptiof-des-salles.jpg\" width=\"944\" height=\"314\" srcset=\"https:\/\/maisonbost.com\/wp-content\/uploads\/2016\/12\/descriptiof-des-salles.jpg 944w, https:\/\/maisonbost.com\/wp-content\/uploads\/2016\/12\/descriptiof-des-salles-600x200.jpg 600w, https:\/\/maisonbost.com\/wp-content\/uploads\/2016\/12\/descriptiof-des-salles-300x100.jpg 300w, https:\/\/maisonbost.com\/wp-content\/uploads\/2016\/12\/descriptiof-des-salles-768x255.jpg 768w, https:\/\/maisonbost.com\/wp-content\/uploads\/2016\/12\/descriptiof-des-salles-299x100.jpg 299w\" sizes=\"(max-width: 944px) 100vw, 944px\" \/><\/h2>\n<h2><strong>Besuch des <em>Maison John et Eug\u00e9nie Bost<\/em><\/strong><\/h2>\n<p><strong>Ein prophetisches Werk: <em>Die Asiles de Laforce<\/em><\/strong><\/p>\n<p>Die Fondation John Bost hebt die Besonderheit und den weitreichenden Umfang dieses \u201cprophetischen Ortes\u201d hervor, der im 19. Jahrhundert von John Bost erdacht wurde.<\/p>\n<p><strong>Die Anf\u00e4nge des Protestantismus und die Herkunft der Familie Bost<\/strong><\/p>\n<p>Anhaltspunkte zur Geschichte des Protestantismus, erkl\u00e4rt vor dem Hintergrund der allgemeinen Geschichte der Religionen und Weltanschauungen. Die (Familien-)Geschichte von John Bost und Eug\u00e9nie Meynardie Ponterie-Escot.<\/p>\n<p><strong>Das Lebenswerk von John und Eug\u00e9nie Bost<\/strong><\/p>\n<p>Der Aufbau der <em>Asiles de Laforce<\/em> ausgehend von der Einweihung des ersten Geb\u00e4udes <em>La Famille<\/em> 1848 und ihre Entwicklung im Laufe des 19. Jahrhunderts.<\/p>\n<p><strong>Angeh\u00f6rige der Familie Bost im 20. Jahrhundert<\/strong><\/p>\n<p>Entdecken Sie die Portraits unterschiedlicher Pers\u00f6nlichkeiten \u2013 von dem Historiker Charles Bost bis hin zu dem S\u00e4nger Renaud.<\/p>\n<p><strong>Die Fondation John Bost im 20. und 21. Jahrhundert<\/strong><\/p>\n<p>Der Inhalt des Werkes wird hier im Licht der Entwicklung der Methoden des Empfangs, der Begleitung und der Pflege der Residenten veranschaulicht.<\/p>\n<p><strong>Ein anderer Blick<\/strong><\/p>\n<p>Dieser Platz ist den im Laufe der Zeit angefertigten Kunstwerken der Residenten gewidmet. Diese \u00ab\u00a0anderen Blickwinkel\u00a0\u00bb sind das visuelle Charakteristikum dieses Museums; seiner Einzigartigkeit.<\/p>\n<p><strong>Raum f\u00fcr Sonderausstellungen<\/strong><\/p>\n<p>Wechselnde Ausstellungen, offen f\u00fcr jedes Publikum, um den vielschichtigen Aspekt dieses Museums zu verdeutlichen. <a href=\"http:\/\/maisonbost.org\/exposition-temporaire\/\"><span id=\"result_box\" class=\"\" lang=\"de\">Link auf die <span class=\"\">tempor\u00e4re Ausstellung<\/span><\/span>\u00a0 <\/a><\/p>\n<p><a href=\"http:\/\/maisonbost.org\/wp-content\/uploads\/2016\/12\/Plaquette-muse\u0301e-maison-John-et-Euge\u0301nie-Bost.pdf\" target=\"_blank\" rel=\"noopener noreferrer\"><span id=\"result_box\" class=\"\" lang=\"de\">Laden Sie die <span class=\"\">Brosch\u00fcre<\/span> des Museums \u201eMaison John et Eug\u00e9nie Bost<span class=\"\">\u201c<\/span><\/span><\/a><\/p>\n<hr \/>\n<h2><span id=\"result_box\" class=\"short_text\" lang=\"de\">MUSEUM-TEAM<\/span><\/h2>\n<h3><span id=\"result_box\" class=\"short_text\" lang=\"de\">Kurator des<\/span> Maison John et Eug\u00e9nie Bost :<\/h3>\n<p>Ariane Dahan<\/p>\n<h3><span id=\"result_box\" class=\"short_text\" lang=\"de\"><span class=\"\">Wissenschaftlicher Rat<\/span> <span class=\"\">des Museums<\/span><\/span><\/h3>\n<p><span id=\"result_box\" class=\"short_text\" lang=\"de\"><span class=\"\">Vorsitzender<\/span><\/span> : Laurent Gervereau <span id=\"result_box\" class=\"short_text\" lang=\"de\"><span class=\"\">Mitglieder<\/span><\/span> : Laurence Bertrand Dorl\u00e9ac (<span id=\"result_box\" class=\"short_text\" lang=\"de\">Professor f\u00fcr Kunstgeschichte <span class=\"\">an der Sciences<\/span> <span class=\"\">Po<\/span><\/span>, <span id=\"result_box\" class=\"short_text\" lang=\"de\"><span class=\"\">Kurator am<\/span><\/span> <a href=\"http:\/\/www.louvrelens.fr\/\" target=\"_blank\" rel=\"noopener noreferrer\">Louvre-Lens<\/a> und am <a href=\"http:\/\/www.mam.paris.fr\/\" target=\"_blank\" rel=\"noopener noreferrer\">Mus\u00e9e d\u2019art moderne de la Ville de Paris<\/a>) ; Patrick Cabanel (<span id=\"result_box\" class=\"\" lang=\"de\">Professor f\u00fcr Zeitgeschichte an der Universit\u00e4t von Toulouse und die EPHE, Spezialist <span class=\"\">Protestantismus<\/span><\/span>) ; Gabrielle Cadier (<span id=\"result_box\" class=\"short_text\" lang=\"de\">Historiker, darunter Fach Eugenie <span class=\"\">Bost<\/span><\/span>) ; Anne-Marie Dubois (<span id=\"result_box\" class=\"short_text\" lang=\"de\">Direktor der St. Anna<span class=\"\">-Sammlung<\/span><\/span>) ; Fran\u00e7ois Hubert (<span id=\"result_box\" class=\"short_text\" lang=\"de\"><span class=\"\">Museumsdirektor <\/span><\/span><a href=\"http:\/\/www.musee-aquitaine-bordeaux.fr\/\" target=\"_blank\" rel=\"noopener noreferrer\">Mus\u00e9e d\u2019Aquitaine<\/a>) ; Savine Faupin (<span id=\"result_box\" class=\"short_text\" lang=\"de\">Chefkuratorin zust\u00e4ndig <span class=\"\">art brut<\/span><\/span> <a href=\"http:\/\/www.musee-lam.fr\/\" target=\"_blank\" rel=\"noopener noreferrer\">LaM de Villeneuve d\u2019Ascq<\/a>) ; Roger Mayou (<span id=\"result_box\" class=\"short_text\" lang=\"de\"><span class=\"\">Museumsdirektor<\/span><\/span> <a href=\"http:\/\/www.redcrossmuseum.ch\/\" target=\"_blank\" rel=\"noopener noreferrer\">Mus\u00e9e international de la Croix-Rouge<\/a> Genf) ; Dominique Mignon (<span id=\"result_box\" class=\"short_text\" lang=\"de\">Pr\u00e4sident des <span class=\"\">Vereins<\/span><\/span> <a href=\"http:\/\/www.shpvd.org\/\" target=\"_blank\" rel=\"noopener noreferrer\">Soci\u00e9t\u00e9 de l\u2019histoire du protestantisme dans la vall\u00e9e de la Dordogne<\/a>) ; Anne Nardin (E<span id=\"result_box\" class=\"short_text\" lang=\"de\"><span class=\"\">hemaliger Direktor<\/span><\/span> <a href=\"http:\/\/www.aphp.fr\/musee\" target=\"_blank\" rel=\"noopener noreferrer\">Mus\u00e9e de l\u2019Assistance publique<\/a>, \u2013 H\u00f4pitaux de Paris \/ <span id=\"result_box\" class=\"short_text\" lang=\"de\">Leiter der <span class=\"\">Abteilung Sammlungen<\/span><\/span>, <a href=\"http:\/\/www.carnavalet.paris.fr\/\" target=\"_blank\" rel=\"noopener noreferrer\">Mus\u00e9e Carnavalet<\/a> \u2013 <span id=\"result_box\" class=\"short_text\" lang=\"de\"><span class=\"\">Geschichte von Paris<\/span><\/span>) ; Fr\u00e9d\u00e9ric Panni (<span id=\"result_box\" class=\"short_text\" lang=\"de\">Direktor<\/span> der <a href=\"http:\/\/www.familistere.com\/\" target=\"_blank\" rel=\"noopener noreferrer\">Familist\u00e8re de Guise<\/a>) ; Pascal Rigeade (<span id=\"result_box\" class=\"short_text\" lang=\"de\">Direktor<\/span> der <a href=\"http:\/\/www.musee-creationfranche.com\/\" target=\"_blank\" rel=\"noopener noreferrer\">Mus\u00e9e de la Cr\u00e9ation Franche<\/a>) ; <span id=\"result_box\" class=\"\" lang=\"de\"><span class=\"\">Coline Rog\u00e9 (Projektleiterin auf der <a href=\"http:\/\/www.ch-le-vinatier.fr\/ferme\" target=\"_blank\" rel=\"noopener noreferrer\">Ferme du Vinatier<\/a>); <\/span><\/span>Sylvain Riou (V<span id=\"result_box\" class=\"\" lang=\"de\">erantwortlich f\u00fcr k\u00fcnstlerische Projekte und <span class=\"\">Ausstellungen<\/span><\/span> la <a href=\"http:\/\/www.ch-le-vinatier.fr\/ferme\" target=\"_blank\" rel=\"noopener noreferrer\">Ferme du Vinatier<\/a>, <span id=\"result_box\" class=\"short_text\" lang=\"de\">Kultur-Service des Krankenhauses <span class=\"\">Vinatier<\/span><\/span>) ; Marc Rolland (<span id=\"result_box\" class=\"short_text\" lang=\"de\">Inspector General <span class=\"\">of Education<\/span><\/span>) ; Nicolas Surlapierre (<span id=\"result_box\" class=\"short_text\" lang=\"de\">Direktor<\/span> der <a href=\"http:\/\/www.mdt.besancon.fr\/\" target=\"_blank\" rel=\"noopener noreferrer\">Mus\u00e9es de Besan\u00e7on<\/a> und Belfort, <span id=\"result_box\" class=\"\" lang=\"de\">Kunsthistoriker, der auf der rohe Kunstsammlung arbeitete von Villeneuve d&#8217;Ascq <span class=\"\">Museum<\/span><\/span>).<span id=\"result_box\" class=\"\" lang=\"de\"><\/span><\/p>\n<h3><span id=\"result_box\" class=\"short_text\" lang=\"de\"><span class=\"\">Institutionelle Mitglieder<\/span><\/span><\/h3>\n<p>Christian Feuillette (<span id=\"result_box\" class=\"\" lang=\"de\">Vorsitzender des <span class=\"\">Board of Directors<\/span> <span class=\"\">der Fondation John BOST<\/span><\/span>), Christian Galtier (<span id=\"result_box\" class=\"short_text\" lang=\"de\">Generaldirektor der <\/span>Fondation John BOST) , Olivier Pigeaud (<span id=\"result_box\" class=\"\" lang=\"de\">Ehrenmitglied des Vorstandes der <\/span>Fondation John BOST), Ariane Dahan (<span id=\"result_box\" class=\"short_text\" lang=\"de\">Kurator des<\/span> Maison John et Eug\u00e9nie Bost).<\/p>\n","protected":false},"excerpt":{"rendered":"<p>EIN ORT F\u00dcR ALLE! Sie betreten ein Museum, das nicht wie alle anderen ist. Das Maison (\u00fcbersetzt Haus) John et Eug\u00e9nie Bost wird Ihnen Geschichte(n) erz\u00e4hlen. Im Wesentlichen die von John und seiner Frau Eug\u00e9nie, aber auch die Geschichte eines Gel\u00e4ndes und derer, die es bewohnen. Es illustriert ein menschliches Abenteuer welches sich &#8211; ausgehend [&hellip;]<\/p>\n","protected":false},"author":1,"featured_media":1171,"parent":0,"menu_order":0,"comment_status":"closed","ping_status":"closed","template":"","meta":[],"_links":{"self":[{"href":"https:\/\/maisonbost.com\/de\/wp-json\/wp\/v2\/pages\/1165"}],"collection":[{"href":"https:\/\/maisonbost.com\/de\/wp-json\/wp\/v2\/pages"}],"about":[{"href":"https:\/\/maisonbost.com\/de\/wp-json\/wp\/v2\/types\/page"}],"author":[{"embeddable":true,"href":"https:\/\/maisonbost.com\/de\/wp-json\/wp\/v2\/users\/1"}],"replies":[{"embeddable":true,"href":"https:\/\/maisonbost.com\/de\/wp-json\/wp\/v2\/comments?post=1165"}],"version-history":[{"count":2,"href":"https:\/\/maisonbost.com\/de\/wp-json\/wp\/v2\/pages\/1165\/revisions"}],"predecessor-version":[{"id":1440,"href":"https:\/\/maisonbost.com\/de\/wp-json\/wp\/v2\/pages\/1165\/revisions\/1440"}],"wp:featuredmedia":[{"embeddable":true,"href":"https:\/\/maisonbost.com\/de\/wp-json\/wp\/v2\/media\/1171"}],"wp:attachment":[{"href":"https:\/\/maisonbost.com\/de\/wp-json\/wp\/v2\/media?parent=1165"}],"curies":[{"name":"wp","href":"https:\/\/api.w.org\/{rel}","templated":true}]}}